{"id":9,"date":"2025-01-21T15:54:52","date_gmt":"2025-01-21T14:54:52","guid":{"rendered":"https:\/\/317957.peda.univ-lille.fr\/?page_id=9"},"modified":"2025-03-04T16:08:13","modified_gmt":"2025-03-04T15:08:13","slug":"accueil","status":"publish","type":"page","link":"https:\/\/317957.peda.univ-lille.fr\/?page_id=9","title":{"rendered":"Accueil"},"content":{"rendered":"<p>Avec LR Health &amp; Beauty, prenez soin de vous et sentez vous en confiance !<\/p><p>D\u00e9couvrez notre s\u00e9lection de soins de la peau, de bien-\u00eatre et de beaut\u00e9 pour r\u00e9v\u00e9ler votre \u00e9clat naturel.<\/p><figure class=\"wp-block-video\"><\/figure><figure class=\"wp-block-image size-large\"><img fetchpriority=\"high\" decoding=\"async\" width=\"683\" height=\"1024\" src=\"https:\/\/317957.peda.univ-lille.fr\/wp-content\/uploads\/2025\/03\/pexels-karolina-grabowska-4041331-683x1024.jpg\" alt=\"\" class=\"wp-image-117\" srcset=\"https:\/\/317957.peda.univ-lille.fr\/wp-content\/uploads\/2025\/03\/pexels-karolina-grabowska-4041331-683x1024.jpg 683w, https:\/\/317957.peda.univ-lille.fr\/wp-content\/uploads\/2025\/03\/pexels-karolina-grabowska-4041331-scaled-600x900.jpg 600w, https:\/\/317957.peda.univ-lille.fr\/wp-content\/uploads\/2025\/03\/pexels-karolina-grabowska-4041331-scaled-300x450.jpg 300w, https:\/\/317957.peda.univ-lille.fr\/wp-content\/uploads\/2025\/03\/pexels-karolina-grabowska-4041331-200x300.jpg 200w, https:\/\/317957.peda.univ-lille.fr\/wp-content\/uploads\/2025\/03\/pexels-karolina-grabowska-4041331-768x1152.jpg 768w, https:\/\/317957.peda.univ-lille.fr\/wp-content\/uploads\/2025\/03\/pexels-karolina-grabowska-4041331-1024x1536.jpg 1024w, https:\/\/317957.peda.univ-lille.fr\/wp-content\/uploads\/2025\/03\/pexels-karolina-grabowska-4041331-1365x2048.jpg 1365w, https:\/\/317957.peda.univ-lille.fr\/wp-content\/uploads\/2025\/03\/pexels-karolina-grabowska-4041331-scaled.jpg 1707w\" sizes=\"(max-width: 683px) 100vw, 683px\" \/><\/figure>","protected":false},"excerpt":{"rendered":"<p>Avec LR Health &amp; Beauty, prenez soin de vous et sentez vous en confiance ! D\u00e9couvrez notre s\u00e9lection de soins de la peau, de bien-\u00eatre et de beaut\u00e9 pour r\u00e9v\u00e9ler votre \u00e9clat naturel.<\/p>\n","protected":false},"author":1,"featured_media":0,"parent":0,"menu_order":0,"comment_status":"closed","ping_status":"closed","template":"","meta":{"footnotes":""},"class_list":["post-9","page","type-page","status-publish","hentry"],"blocksy_meta":[],"yoast_head":"<!-- This site is optimized with the Yoast SEO plugin v24.7 - https:\/\/yoast.com\/wordpress\/plugins\/seo\/ -->\n<title>Accueil - LR Health and Beauty By NFD<\/title>\n<meta name=\"robots\" content=\"index, follow, max-snippet:-1, max-image-preview:large, max-video-preview:-1\" \/>\n<link rel=\"canonical\" href=\"https:\/\/317957.peda.univ-lille.fr\/?page_id=9\" \/>\n<meta property=\"og:locale\" content=\"fr_FR\" \/>\n<meta property=\"og:type\" content=\"article\" \/>\n<meta property=\"og:title\" content=\"Accueil - LR Health and Beauty By NFD\" \/>\n<meta property=\"og:description\" content=\"Avec LR Health &amp; Beauty, prenez soin de vous et sentez vous en confiance ! D\u00e9couvrez notre s\u00e9lection de soins de la peau, de bien-\u00eatre et de beaut\u00e9 pour r\u00e9v\u00e9ler votre \u00e9clat naturel.\" \/>\n<meta property=\"og:url\" content=\"https:\/\/317957.peda.univ-lille.fr\/?page_id=9\" \/>\n<meta property=\"og:site_name\" content=\"LR Health and Beauty By NFD\" \/>\n<meta property=\"article:modified_time\" content=\"2025-03-04T15:08:13+00:00\" \/>\n<meta property=\"og:image\" content=\"https:\/\/317957.peda.univ-lille.fr\/wp-content\/uploads\/2025\/03\/pexels-karolina-grabowska-4041331-scaled.jpg\" \/>\n\t<meta property=\"og:image:width\" content=\"1707\" \/>\n\t<meta property=\"og:image:height\" content=\"2560\" \/>\n\t<meta property=\"og:image:type\" content=\"image\/jpeg\" \/>\n<meta name=\"twitter:card\" content=\"summary_large_image\" \/>\n<meta name=\"twitter:label1\" content=\"Dur\u00e9e de lecture estim\u00e9e\" \/>\n\t<meta name=\"twitter:data1\" content=\"1 minute\" \/>\n<script type=\"application\/ld+json\" class=\"yoast-schema-graph\">{\"@context\":\"https:\/\/schema.org\",\"@graph\":[{\"@type\":\"WebPage\",\"@id\":\"https:\/\/317957.peda.univ-lille.fr\/?page_id=9\",\"url\":\"https:\/\/317957.peda.univ-lille.fr\/?page_id=9\",\"name\":\"Accueil - LR Health and Beauty By NFD\",\"isPartOf\":{\"@id\":\"https:\/\/317957.peda.univ-lille.fr\/#website\"},\"primaryImageOfPage\":{\"@id\":\"https:\/\/317957.peda.univ-lille.fr\/?page_id=9#primaryimage\"},\"image\":{\"@id\":\"https:\/\/317957.peda.univ-lille.fr\/?page_id=9#primaryimage\"},\"thumbnailUrl\":\"https:\/\/317957.peda.univ-lille.fr\/wp-content\/uploads\/2025\/03\/pexels-karolina-grabowska-4041331-683x1024.jpg\",\"datePublished\":\"2025-01-21T14:54:52+00:00\",\"dateModified\":\"2025-03-04T15:08:13+00:00\",\"breadcrumb\":{\"@id\":\"https:\/\/317957.peda.univ-lille.fr\/?page_id=9#breadcrumb\"},\"inLanguage\":\"fr-FR\",\"potentialAction\":[{\"@type\":\"ReadAction\",\"target\":[\"https:\/\/317957.peda.univ-lille.fr\/?page_id=9\"]}]},{\"@type\":\"ImageObject\",\"inLanguage\":\"fr-FR\",\"@id\":\"https:\/\/317957.peda.univ-lille.fr\/?page_id=9#primaryimage\",\"url\":\"https:\/\/317957.peda.univ-lille.fr\/wp-content\/uploads\/2025\/03\/pexels-karolina-grabowska-4041331-scaled.jpg\",\"contentUrl\":\"https:\/\/317957.peda.univ-lille.fr\/wp-content\/uploads\/2025\/03\/pexels-karolina-grabowska-4041331-scaled.jpg\",\"width\":1707,\"height\":2560},{\"@type\":\"BreadcrumbList\",\"@id\":\"https:\/\/317957.peda.univ-lille.fr\/?page_id=9#breadcrumb\",\"itemListElement\":[{\"@type\":\"ListItem\",\"position\":1,\"name\":\"Accueil\",\"item\":\"https:\/\/317957.peda.univ-lille.fr\/\"},{\"@type\":\"ListItem\",\"position\":2,\"name\":\"Accueil\"}]},{\"@type\":\"WebSite\",\"@id\":\"https:\/\/317957.peda.univ-lille.fr\/#website\",\"url\":\"https:\/\/317957.peda.univ-lille.fr\/\",\"name\":\"LR Health and Beauty By NFD\",\"description\":\"Votre bien-\u00eatre en temps r\u00e9el\",\"publisher\":{\"@id\":\"https:\/\/317957.peda.univ-lille.fr\/#organization\"},\"potentialAction\":[{\"@type\":\"SearchAction\",\"target\":{\"@type\":\"EntryPoint\",\"urlTemplate\":\"https:\/\/317957.peda.univ-lille.fr\/?s={search_term_string}\"},\"query-input\":{\"@type\":\"PropertyValueSpecification\",\"valueRequired\":true,\"valueName\":\"search_term_string\"}}],\"inLanguage\":\"fr-FR\"},{\"@type\":\"Organization\",\"@id\":\"https:\/\/317957.peda.univ-lille.fr\/#organization\",\"name\":\"LR Health and Beauty By NFD\",\"url\":\"https:\/\/317957.peda.univ-lille.fr\/\",\"logo\":{\"@type\":\"ImageObject\",\"inLanguage\":\"fr-FR\",\"@id\":\"https:\/\/317957.peda.univ-lille.fr\/#\/schema\/logo\/image\/\",\"url\":\"https:\/\/317957.peda.univ-lille.fr\/wp-content\/uploads\/2025\/04\/Logo-pour-un-Institut-de-beaute.png\",\"contentUrl\":\"https:\/\/317957.peda.univ-lille.fr\/wp-content\/uploads\/2025\/04\/Logo-pour-un-Institut-de-beaute.png\",\"width\":500,\"height\":500,\"caption\":\"LR Health and Beauty By NFD\"},\"image\":{\"@id\":\"https:\/\/317957.peda.univ-lille.fr\/#\/schema\/logo\/image\/\"}}]}<\/script>\n<!-- \/ Yoast SEO plugin. -->","yoast_head_json":{"title":"Accueil - LR Health and Beauty By NFD","robots":{"index":"index","follow":"follow","max-snippet":"max-snippet:-1","max-image-preview":"max-image-preview:large","max-video-preview":"max-video-preview:-1"},"canonical":"https:\/\/317957.peda.univ-lille.fr\/?page_id=9","og_locale":"fr_FR","og_type":"article","og_title":"Accueil - LR Health and Beauty By NFD","og_description":"Avec LR Health &amp; Beauty, prenez soin de vous et sentez vous en confiance ! D\u00e9couvrez notre s\u00e9lection de soins de la peau, de bien-\u00eatre et de beaut\u00e9 pour r\u00e9v\u00e9ler votre \u00e9clat naturel.","og_url":"https:\/\/317957.peda.univ-lille.fr\/?page_id=9","og_site_name":"LR Health and Beauty By NFD","article_modified_time":"2025-03-04T15:08:13+00:00","og_image":[{"width":1707,"height":2560,"url":"https:\/\/317957.peda.univ-lille.fr\/wp-content\/uploads\/2025\/03\/pexels-karolina-grabowska-4041331-scaled.jpg","type":"image\/jpeg"}],"twitter_card":"summary_large_image","twitter_misc":{"Dur\u00e9e de lecture estim\u00e9e":"1 minute"},"schema":{"@context":"https:\/\/schema.org","@graph":[{"@type":"WebPage","@id":"https:\/\/317957.peda.univ-lille.fr\/?page_id=9","url":"https:\/\/317957.peda.univ-lille.fr\/?page_id=9","name":"Accueil - LR Health and Beauty By NFD","isPartOf":{"@id":"https:\/\/317957.peda.univ-lille.fr\/#website"},"primaryImageOfPage":{"@id":"https:\/\/317957.peda.univ-lille.fr\/?page_id=9#primaryimage"},"image":{"@id":"https:\/\/317957.peda.univ-lille.fr\/?page_id=9#primaryimage"},"thumbnailUrl":"https:\/\/317957.peda.univ-lille.fr\/wp-content\/uploads\/2025\/03\/pexels-karolina-grabowska-4041331-683x1024.jpg","datePublished":"2025-01-21T14:54:52+00:00","dateModified":"2025-03-04T15:08:13+00:00","breadcrumb":{"@id":"https:\/\/317957.peda.univ-lille.fr\/?page_id=9#breadcrumb"},"inLanguage":"fr-FR","potentialAction":[{"@type":"ReadAction","target":["https:\/\/317957.peda.univ-lille.fr\/?page_id=9"]}]},{"@type":"ImageObject","inLanguage":"fr-FR","@id":"https:\/\/317957.peda.univ-lille.fr\/?page_id=9#primaryimage","url":"https:\/\/317957.peda.univ-lille.fr\/wp-content\/uploads\/2025\/03\/pexels-karolina-grabowska-4041331-scaled.jpg","contentUrl":"https:\/\/317957.peda.univ-lille.fr\/wp-content\/uploads\/2025\/03\/pexels-karolina-grabowska-4041331-scaled.jpg","width":1707,"height":2560},{"@type":"BreadcrumbList","@id":"https:\/\/317957.peda.univ-lille.fr\/?page_id=9#breadcrumb","itemListElement":[{"@type":"ListItem","position":1,"name":"Accueil","item":"https:\/\/317957.peda.univ-lille.fr\/"},{"@type":"ListItem","position":2,"name":"Accueil"}]},{"@type":"WebSite","@id":"https:\/\/317957.peda.univ-lille.fr\/#website","url":"https:\/\/317957.peda.univ-lille.fr\/","name":"LR Health and Beauty By NFD","description":"Votre bien-\u00eatre en temps r\u00e9el","publisher":{"@id":"https:\/\/317957.peda.univ-lille.fr\/#organization"},"potentialAction":[{"@type":"SearchAction","target":{"@type":"EntryPoint","urlTemplate":"https:\/\/317957.peda.univ-lille.fr\/?s={search_term_string}"},"query-input":{"@type":"PropertyValueSpecification","valueRequired":true,"valueName":"search_term_string"}}],"inLanguage":"fr-FR"},{"@type":"Organization","@id":"https:\/\/317957.peda.univ-lille.fr\/#organization","name":"LR Health and Beauty By NFD","url":"https:\/\/317957.peda.univ-lille.fr\/","logo":{"@type":"ImageObject","inLanguage":"fr-FR","@id":"https:\/\/317957.peda.univ-lille.fr\/#\/schema\/logo\/image\/","url":"https:\/\/317957.peda.univ-lille.fr\/wp-content\/uploads\/2025\/04\/Logo-pour-un-Institut-de-beaute.png","contentUrl":"https:\/\/317957.peda.univ-lille.fr\/wp-content\/uploads\/2025\/04\/Logo-pour-un-Institut-de-beaute.png","width":500,"height":500,"caption":"LR Health and Beauty By NFD"},"image":{"@id":"https:\/\/317957.peda.univ-lille.fr\/#\/schema\/logo\/image\/"}}]}},"_links":{"self":[{"href":"https:\/\/317957.peda.univ-lille.fr\/index.php?rest_route=\/wp\/v2\/pages\/9","targetHints":{"allow":["GET"]}}],"collection":[{"href":"https:\/\/317957.peda.univ-lille.fr\/index.php?rest_route=\/wp\/v2\/pages"}],"about":[{"href":"https:\/\/317957.peda.univ-lille.fr\/index.php?rest_route=\/wp\/v2\/types\/page"}],"author":[{"embeddable":true,"href":"https:\/\/317957.peda.univ-lille.fr\/index.php?rest_route=\/wp\/v2\/users\/1"}],"replies":[{"embeddable":true,"href":"https:\/\/317957.peda.univ-lille.fr\/index.php?rest_route=%2Fwp%2Fv2%2Fcomments&post=9"}],"version-history":[{"count":5,"href":"https:\/\/317957.peda.univ-lille.fr\/index.php?rest_route=\/wp\/v2\/pages\/9\/revisions"}],"predecessor-version":[{"id":1532,"href":"https:\/\/317957.peda.univ-lille.fr\/index.php?rest_route=\/wp\/v2\/pages\/9\/revisions\/1532"}],"wp:attachment":[{"href":"https:\/\/317957.peda.univ-lille.fr\/index.php?rest_route=%2Fwp%2Fv2%2Fmedia&parent=9"}],"curies":[{"name":"wp","href":"https:\/\/api.w.org\/{rel}","templated":true}]}}