{"id":1500,"date":"2025-03-19T23:18:48","date_gmt":"2025-03-19T22:18:48","guid":{"rendered":"https:\/\/317957.peda.univ-lille.fr\/?post_type=product&#038;p=1500"},"modified":"2025-03-20T14:26:42","modified_gmt":"2025-03-20T13:26:42","slug":"huile-essentielle-de-citron","status":"publish","type":"product","link":"https:\/\/317957.peda.univ-lille.fr\/?product=huile-essentielle-de-citron","title":{"rendered":"Huile essentielle de citron"},"content":{"rendered":"<p>Notre huile essentielle de citron est votre meilleur allie au quotidien; Pour vos massages, cheveux qui brillent et sans pellicules. Avec cette huile est soigneusement \u00e9labor\u00e9e a partir d&rsquo;ingr\u00e9dients naturels et bio, Offrez \u00e0 votre peau un v\u00e9ritable bain d\u2019\u00e9clat avec notre S\u00e9rum \u00c9clat Visage au Citron et Vitamine C.<\/p>\n<p>Sa texture fluide et l\u00e9g\u00e8re p\u00e9n\u00e8tre rapidement pour illuminer, hydrater et prot\u00e9ger votre peau des agressions ext\u00e9rieures. Gr\u00e2ce \u00e0 son fort pouvoir antioxydant, ce s\u00e9rum r\u00e9duit visiblement les taches pigmentaires, resserre les pores et laisse la peau \u00e9clatante de sant\u00e9.<\/p>\n<p data-start=\"612\" data-end=\"919\">\n","protected":false},"excerpt":{"rendered":"<p data-start=\"612\" data-end=\"919\">Formul\u00e9 avec de l\u2019extrait de citron bio aux propri\u00e9t\u00e9s purifiantes et un complexe de vitamine C stabilis\u00e9e, ce s\u00e9rum stimule la production de collag\u00e8ne et lutte contre le teint terne et fatigu\u00e9. Appliqu\u00e9 quotidiennement, il booste le renouvellement cellulaire et pr\u00e9vient l\u2019apparition des signes de l\u2019\u00e2ge.<\/p>\n<p data-start=\"921\" data-end=\"1130\"><strong data-start=\"921\" data-end=\"936\">Bienfaits :<\/strong><br data-start=\"936\" data-end=\"939\" \/>\u00a0Illumine et unifie le teint<br data-start=\"969\" data-end=\"972\" \/>R\u00e9duit les taches pigmentaires et imperfections<br data-start=\"1022\" data-end=\"1025\" \/>Prot\u00e8ge la peau contre les agressions ext\u00e9rieures<\/p>\n<p data-start=\"921\" data-end=\"1130\">Texture l\u00e9g\u00e8re, non collante et ultra-fra\u00eeche<\/p>\n<p data-start=\"1132\" data-end=\"1232\"><strong data-start=\"1132\" data-end=\"1154\">Ingr\u00e9dients cl\u00e9s :<\/strong> Extrait de citron bio, vitamine C stabilis\u00e9e, acide hyaluronique, aloe vera<\/p>\n<p data-start=\"1234\" data-end=\"1348\"><strong data-start=\"1234\" data-end=\"1262\">Conseils d&rsquo;utilisation :<\/strong> Appliquer 3 \u00e0 4 gouttes sur peau propre matin et soir avant votre cr\u00e8me hydratante.<img fetchpriority=\"high\" decoding=\"async\" class=\"alignnone size-medium wp-image-1501\" src=\"https:\/\/317957.peda.univ-lille.fr\/wp-content\/uploads\/2025\/03\/16206288-300x200.jpg\" alt=\"\" width=\"300\" height=\"200\" srcset=\"https:\/\/317957.peda.univ-lille.fr\/wp-content\/uploads\/2025\/03\/16206288-300x200.jpg 300w, https:\/\/317957.peda.univ-lille.fr\/wp-content\/uploads\/2025\/03\/16206288-1024x683.jpg 1024w, https:\/\/317957.peda.univ-lille.fr\/wp-content\/uploads\/2025\/03\/16206288-768x513.jpg 768w, https:\/\/317957.peda.univ-lille.fr\/wp-content\/uploads\/2025\/03\/16206288-600x400.jpg 600w, https:\/\/317957.peda.univ-lille.fr\/wp-content\/uploads\/2025\/03\/16206288.jpg 1500w\" sizes=\"(max-width: 300px) 100vw, 300px\" \/><\/p>\n","protected":false},"featured_media":1507,"comment_status":"open","ping_status":"closed","template":"","meta":[],"product_brand":[],"product_cat":[39,40],"product_tag":[],"class_list":{"0":"post-1500","1":"product","2":"type-product","3":"status-publish","4":"has-post-thumbnail","6":"product_cat-beaute-et-routine-skincare","7":"product_cat-bien-etre","9":"first","10":"instock","11":"shipping-taxable","12":"purchasable","13":"product-type-simple"},"yoast_head":"<!-- This site is optimized with the Yoast SEO plugin v24.7 - https:\/\/yoast.com\/wordpress\/plugins\/seo\/ -->\n<title>Huile essentielle de citron - LR Health and Beauty By NFD<\/title>\n<meta name=\"description\" content=\"Notre huile essentielle de citron est votre meilleur allie au quotidien; Pour vos massages, cheveux qui brillent et sans pellicules. Avec cette huile soigneusement \u00e9labor\u00e9e a partir d&#039;ingr\u00e9dients naturels et bio, Offrez \u00e0 votre peau un v\u00e9ritable bain d\u2019\u00e9clat.\" \/>\n<meta name=\"robots\" content=\"index, follow, max-snippet:-1, max-image-preview:large, max-video-preview:-1\" \/>\n<link rel=\"canonical\" href=\"https:\/\/317957.peda.univ-lille.fr\/?product=huile-essentielle-de-citron\" \/>\n<meta property=\"og:locale\" content=\"fr_FR\" \/>\n<meta property=\"og:type\" content=\"article\" \/>\n<meta property=\"og:title\" content=\"Huile essentielle de citron - LR Health and Beauty By NFD\" \/>\n<meta property=\"og:description\" content=\"Notre huile essentielle de citron est votre meilleur allie au quotidien; Pour vos massages, cheveux qui brillent et sans pellicules. Avec cette huile soigneusement \u00e9labor\u00e9e a partir d&#039;ingr\u00e9dients naturels et bio, Offrez \u00e0 votre peau un v\u00e9ritable bain d\u2019\u00e9clat.\" \/>\n<meta property=\"og:url\" content=\"https:\/\/317957.peda.univ-lille.fr\/?product=huile-essentielle-de-citron\" \/>\n<meta property=\"og:site_name\" content=\"LR Health and Beauty By NFD\" \/>\n<meta property=\"article:modified_time\" content=\"2025-03-20T13:26:42+00:00\" \/>\n<meta property=\"og:image\" content=\"https:\/\/317957.peda.univ-lille.fr\/wp-content\/uploads\/2025\/03\/huile-essentielle-de-citron-ses-bienfaits-et-comment-l-utiliser.jpeg\" \/>\n\t<meta property=\"og:image:width\" content=\"1200\" \/>\n\t<meta property=\"og:image:height\" content=\"1200\" \/>\n\t<meta property=\"og:image:type\" content=\"image\/jpeg\" \/>\n<meta name=\"twitter:card\" content=\"summary_large_image\" \/>\n<meta name=\"twitter:label1\" content=\"Dur\u00e9e de lecture estim\u00e9e\" \/>\n\t<meta name=\"twitter:data1\" content=\"1 minute\" \/>\n<script type=\"application\/ld+json\" class=\"yoast-schema-graph\">{\"@context\":\"https:\/\/schema.org\",\"@graph\":[{\"@type\":\"WebPage\",\"@id\":\"https:\/\/317957.peda.univ-lille.fr\/?product=huile-essentielle-de-citron\",\"url\":\"https:\/\/317957.peda.univ-lille.fr\/?product=huile-essentielle-de-citron\",\"name\":\"Huile essentielle de citron - LR Health and Beauty By NFD\",\"isPartOf\":{\"@id\":\"https:\/\/317957.peda.univ-lille.fr\/#website\"},\"primaryImageOfPage\":{\"@id\":\"https:\/\/317957.peda.univ-lille.fr\/?product=huile-essentielle-de-citron#primaryimage\"},\"image\":{\"@id\":\"https:\/\/317957.peda.univ-lille.fr\/?product=huile-essentielle-de-citron#primaryimage\"},\"thumbnailUrl\":\"https:\/\/317957.peda.univ-lille.fr\/wp-content\/uploads\/2025\/03\/huile-essentielle-de-citron-ses-bienfaits-et-comment-l-utiliser.jpeg\",\"datePublished\":\"2025-03-19T22:18:48+00:00\",\"dateModified\":\"2025-03-20T13:26:42+00:00\",\"description\":\"Notre huile essentielle de citron est votre meilleur allie au quotidien; Pour vos massages, cheveux qui brillent et sans pellicules. Avec cette huile soigneusement \u00e9labor\u00e9e a partir d'ingr\u00e9dients naturels et bio, Offrez \u00e0 votre peau un v\u00e9ritable bain d\u2019\u00e9clat.\",\"breadcrumb\":{\"@id\":\"https:\/\/317957.peda.univ-lille.fr\/?product=huile-essentielle-de-citron#breadcrumb\"},\"inLanguage\":\"fr-FR\",\"potentialAction\":[{\"@type\":\"ReadAction\",\"target\":[\"https:\/\/317957.peda.univ-lille.fr\/?product=huile-essentielle-de-citron\"]}]},{\"@type\":\"ImageObject\",\"inLanguage\":\"fr-FR\",\"@id\":\"https:\/\/317957.peda.univ-lille.fr\/?product=huile-essentielle-de-citron#primaryimage\",\"url\":\"https:\/\/317957.peda.univ-lille.fr\/wp-content\/uploads\/2025\/03\/huile-essentielle-de-citron-ses-bienfaits-et-comment-l-utiliser.jpeg\",\"contentUrl\":\"https:\/\/317957.peda.univ-lille.fr\/wp-content\/uploads\/2025\/03\/huile-essentielle-de-citron-ses-bienfaits-et-comment-l-utiliser.jpeg\",\"width\":1200,\"height\":1200,\"caption\":\"Bergamot citrus essential oil, aromatherapy oil natural organic cosmetic.Italian Calabrian bergamot citrus fruit essential oil.\"},{\"@type\":\"BreadcrumbList\",\"@id\":\"https:\/\/317957.peda.univ-lille.fr\/?product=huile-essentielle-de-citron#breadcrumb\",\"itemListElement\":[{\"@type\":\"ListItem\",\"position\":1,\"name\":\"Accueil\",\"item\":\"https:\/\/317957.peda.univ-lille.fr\/\"},{\"@type\":\"ListItem\",\"position\":2,\"name\":\"Boutique\",\"item\":\"https:\/\/317957.peda.univ-lille.fr\/?page_id=1484\"},{\"@type\":\"ListItem\",\"position\":3,\"name\":\"Huile essentielle de citron\"}]},{\"@type\":\"WebSite\",\"@id\":\"https:\/\/317957.peda.univ-lille.fr\/#website\",\"url\":\"https:\/\/317957.peda.univ-lille.fr\/\",\"name\":\"LR Health and Beauty By NFD\",\"description\":\"Votre bien-\u00eatre en temps r\u00e9el\",\"publisher\":{\"@id\":\"https:\/\/317957.peda.univ-lille.fr\/#organization\"},\"potentialAction\":[{\"@type\":\"SearchAction\",\"target\":{\"@type\":\"EntryPoint\",\"urlTemplate\":\"https:\/\/317957.peda.univ-lille.fr\/?s={search_term_string}\"},\"query-input\":{\"@type\":\"PropertyValueSpecification\",\"valueRequired\":true,\"valueName\":\"search_term_string\"}}],\"inLanguage\":\"fr-FR\"},{\"@type\":\"Organization\",\"@id\":\"https:\/\/317957.peda.univ-lille.fr\/#organization\",\"name\":\"LR Health and Beauty By NFD\",\"url\":\"https:\/\/317957.peda.univ-lille.fr\/\",\"logo\":{\"@type\":\"ImageObject\",\"inLanguage\":\"fr-FR\",\"@id\":\"https:\/\/317957.peda.univ-lille.fr\/#\/schema\/logo\/image\/\",\"url\":\"https:\/\/317957.peda.univ-lille.fr\/wp-content\/uploads\/2025\/04\/Logo-pour-un-Institut-de-beaute.png\",\"contentUrl\":\"https:\/\/317957.peda.univ-lille.fr\/wp-content\/uploads\/2025\/04\/Logo-pour-un-Institut-de-beaute.png\",\"width\":500,\"height\":500,\"caption\":\"LR Health and Beauty By NFD\"},\"image\":{\"@id\":\"https:\/\/317957.peda.univ-lille.fr\/#\/schema\/logo\/image\/\"}}]}<\/script>\n<!-- \/ Yoast SEO plugin. -->","yoast_head_json":{"title":"Huile essentielle de citron - LR Health and Beauty By NFD","description":"Notre huile essentielle de citron est votre meilleur allie au quotidien; Pour vos massages, cheveux qui brillent et sans pellicules. Avec cette huile soigneusement \u00e9labor\u00e9e a partir d'ingr\u00e9dients naturels et bio, Offrez \u00e0 votre peau un v\u00e9ritable bain d\u2019\u00e9clat.","robots":{"index":"index","follow":"follow","max-snippet":"max-snippet:-1","max-image-preview":"max-image-preview:large","max-video-preview":"max-video-preview:-1"},"canonical":"https:\/\/317957.peda.univ-lille.fr\/?product=huile-essentielle-de-citron","og_locale":"fr_FR","og_type":"article","og_title":"Huile essentielle de citron - LR Health and Beauty By NFD","og_description":"Notre huile essentielle de citron est votre meilleur allie au quotidien; Pour vos massages, cheveux qui brillent et sans pellicules. Avec cette huile soigneusement \u00e9labor\u00e9e a partir d'ingr\u00e9dients naturels et bio, Offrez \u00e0 votre peau un v\u00e9ritable bain d\u2019\u00e9clat.","og_url":"https:\/\/317957.peda.univ-lille.fr\/?product=huile-essentielle-de-citron","og_site_name":"LR Health and Beauty By NFD","article_modified_time":"2025-03-20T13:26:42+00:00","og_image":[{"width":1200,"height":1200,"url":"https:\/\/317957.peda.univ-lille.fr\/wp-content\/uploads\/2025\/03\/huile-essentielle-de-citron-ses-bienfaits-et-comment-l-utiliser.jpeg","type":"image\/jpeg"}],"twitter_card":"summary_large_image","twitter_misc":{"Dur\u00e9e de lecture estim\u00e9e":"1 minute"},"schema":{"@context":"https:\/\/schema.org","@graph":[{"@type":"WebPage","@id":"https:\/\/317957.peda.univ-lille.fr\/?product=huile-essentielle-de-citron","url":"https:\/\/317957.peda.univ-lille.fr\/?product=huile-essentielle-de-citron","name":"Huile essentielle de citron - LR Health and Beauty By NFD","isPartOf":{"@id":"https:\/\/317957.peda.univ-lille.fr\/#website"},"primaryImageOfPage":{"@id":"https:\/\/317957.peda.univ-lille.fr\/?product=huile-essentielle-de-citron#primaryimage"},"image":{"@id":"https:\/\/317957.peda.univ-lille.fr\/?product=huile-essentielle-de-citron#primaryimage"},"thumbnailUrl":"https:\/\/317957.peda.univ-lille.fr\/wp-content\/uploads\/2025\/03\/huile-essentielle-de-citron-ses-bienfaits-et-comment-l-utiliser.jpeg","datePublished":"2025-03-19T22:18:48+00:00","dateModified":"2025-03-20T13:26:42+00:00","description":"Notre huile essentielle de citron est votre meilleur allie au quotidien; Pour vos massages, cheveux qui brillent et sans pellicules. Avec cette huile soigneusement \u00e9labor\u00e9e a partir d'ingr\u00e9dients naturels et bio, Offrez \u00e0 votre peau un v\u00e9ritable bain d\u2019\u00e9clat.","breadcrumb":{"@id":"https:\/\/317957.peda.univ-lille.fr\/?product=huile-essentielle-de-citron#breadcrumb"},"inLanguage":"fr-FR","potentialAction":[{"@type":"ReadAction","target":["https:\/\/317957.peda.univ-lille.fr\/?product=huile-essentielle-de-citron"]}]},{"@type":"ImageObject","inLanguage":"fr-FR","@id":"https:\/\/317957.peda.univ-lille.fr\/?product=huile-essentielle-de-citron#primaryimage","url":"https:\/\/317957.peda.univ-lille.fr\/wp-content\/uploads\/2025\/03\/huile-essentielle-de-citron-ses-bienfaits-et-comment-l-utiliser.jpeg","contentUrl":"https:\/\/317957.peda.univ-lille.fr\/wp-content\/uploads\/2025\/03\/huile-essentielle-de-citron-ses-bienfaits-et-comment-l-utiliser.jpeg","width":1200,"height":1200,"caption":"Bergamot citrus essential oil, aromatherapy oil natural organic cosmetic.Italian Calabrian bergamot citrus fruit essential oil."},{"@type":"BreadcrumbList","@id":"https:\/\/317957.peda.univ-lille.fr\/?product=huile-essentielle-de-citron#breadcrumb","itemListElement":[{"@type":"ListItem","position":1,"name":"Accueil","item":"https:\/\/317957.peda.univ-lille.fr\/"},{"@type":"ListItem","position":2,"name":"Boutique","item":"https:\/\/317957.peda.univ-lille.fr\/?page_id=1484"},{"@type":"ListItem","position":3,"name":"Huile essentielle de citron"}]},{"@type":"WebSite","@id":"https:\/\/317957.peda.univ-lille.fr\/#website","url":"https:\/\/317957.peda.univ-lille.fr\/","name":"LR Health and Beauty By NFD","description":"Votre bien-\u00eatre en temps r\u00e9el","publisher":{"@id":"https:\/\/317957.peda.univ-lille.fr\/#organization"},"potentialAction":[{"@type":"SearchAction","target":{"@type":"EntryPoint","urlTemplate":"https:\/\/317957.peda.univ-lille.fr\/?s={search_term_string}"},"query-input":{"@type":"PropertyValueSpecification","valueRequired":true,"valueName":"search_term_string"}}],"inLanguage":"fr-FR"},{"@type":"Organization","@id":"https:\/\/317957.peda.univ-lille.fr\/#organization","name":"LR Health and Beauty By NFD","url":"https:\/\/317957.peda.univ-lille.fr\/","logo":{"@type":"ImageObject","inLanguage":"fr-FR","@id":"https:\/\/317957.peda.univ-lille.fr\/#\/schema\/logo\/image\/","url":"https:\/\/317957.peda.univ-lille.fr\/wp-content\/uploads\/2025\/04\/Logo-pour-un-Institut-de-beaute.png","contentUrl":"https:\/\/317957.peda.univ-lille.fr\/wp-content\/uploads\/2025\/04\/Logo-pour-un-Institut-de-beaute.png","width":500,"height":500,"caption":"LR Health and Beauty By NFD"},"image":{"@id":"https:\/\/317957.peda.univ-lille.fr\/#\/schema\/logo\/image\/"}}]}},"_links":{"self":[{"href":"https:\/\/317957.peda.univ-lille.fr\/index.php?rest_route=\/wp\/v2\/product\/1500","targetHints":{"allow":["GET"]}}],"collection":[{"href":"https:\/\/317957.peda.univ-lille.fr\/index.php?rest_route=\/wp\/v2\/product"}],"about":[{"href":"https:\/\/317957.peda.univ-lille.fr\/index.php?rest_route=\/wp\/v2\/types\/product"}],"replies":[{"embeddable":true,"href":"https:\/\/317957.peda.univ-lille.fr\/index.php?rest_route=%2Fwp%2Fv2%2Fcomments&post=1500"}],"wp:featuredmedia":[{"embeddable":true,"href":"https:\/\/317957.peda.univ-lille.fr\/index.php?rest_route=\/wp\/v2\/media\/1507"}],"wp:attachment":[{"href":"https:\/\/317957.peda.univ-lille.fr\/index.php?rest_route=%2Fwp%2Fv2%2Fmedia&parent=1500"}],"wp:term":[{"taxonomy":"product_brand","embeddable":true,"href":"https:\/\/317957.peda.univ-lille.fr\/index.php?rest_route=%2Fwp%2Fv2%2Fproduct_brand&post=1500"},{"taxonomy":"product_cat","embeddable":true,"href":"https:\/\/317957.peda.univ-lille.fr\/index.php?rest_route=%2Fwp%2Fv2%2Fproduct_cat&post=1500"},{"taxonomy":"product_tag","embeddable":true,"href":"https:\/\/317957.peda.univ-lille.fr\/index.php?rest_route=%2Fwp%2Fv2%2Fproduct_tag&post=1500"}],"curies":[{"name":"wp","href":"https:\/\/api.w.org\/{rel}","templated":true}]}}