{"id":1502,"date":"2025-03-19T23:51:59","date_gmt":"2025-03-19T22:51:59","guid":{"rendered":"https:\/\/317957.peda.univ-lille.fr\/?post_type=product&#038;p=1502"},"modified":"2025-03-20T14:26:55","modified_gmt":"2025-03-20T13:26:55","slug":"gommage","status":"publish","type":"product","link":"https:\/\/317957.peda.univ-lille.fr\/?product=gommage","title":{"rendered":"Gommage Corporel"},"content":{"rendered":"<p data-start=\"1461\" data-end=\"1796\">Envie d\u2019une peau douce et soyeuse ? Notre gommage exfoliant au citron et sucre de canne \u00e9limine en douceur les cellules mortes tout en nourrissant la peau en profondeur. Gr\u00e2ce \u00e0 sa texture riche et onctueuse, il affine le grain de peau sans agresser et laisse une sensation imm\u00e9diate de fra\u00eecheur et de bien-\u00eatre.<\/p>\n<p data-start=\"1798\" data-end=\"2055\">L\u2019extrait de citron purifie et tonifie la peau, tandis que le sucre de canne bio favorise une exfoliation naturelle et efficace. Enrichi en huile d\u2019amande douce et en beurre de karit\u00e9, ce gommage laisse votre peau lisse, hydrat\u00e9e et d\u00e9licatement parfum\u00e9e.<\/p>\n<p data-start=\"2057\" data-end=\"2220\"><strong data-start=\"2057\" data-end=\"2072\">Bienfaits :<\/strong><br data-start=\"2072\" data-end=\"2075\" \/>Exfolie en douceur et affine le grain de peau<br data-start=\"2123\" data-end=\"2126\" \/>Hydrate et nourrit gr\u00e2ce \u00e0 ses huiles pr\u00e9cieuses<\/p>\n<p data-start=\"2057\" data-end=\"2220\">Laisse un parfum frais et vivifiant<\/p>\n<p data-start=\"2222\" data-end=\"2324\"><strong data-start=\"2222\" data-end=\"2244\">Ingr\u00e9dients cl\u00e9s :<\/strong> Extrait de citron, sucre de canne bio, huile d\u2019amande douce, beurre de karit\u00e9<\/p>\n<p data-start=\"2326\" data-end=\"2465\"><strong data-start=\"2326\" data-end=\"2354\">Conseils d&rsquo;utilisation :<\/strong> Appliquer sur peau humide en mouvements circulaires, puis rincer abondamment. \u00c0 utiliser 2 fois par semaine.<\/p>\n","protected":false},"excerpt":{"rendered":"<p>L\u2019extrait de citron purifie et tonifie la peau, tandis que le sucre de canne bio favorise une exfoliation naturelle et efficace. Enrichi en huile d\u2019amande douce et en beurre de karit\u00e9, ce gommage laisse votre peau lisse, hydrat\u00e9e et d\u00e9licatement parfum\u00e9e.<\/p>\n<p data-start=\"2057\" data-end=\"2220\"><strong data-start=\"2057\" data-end=\"2072\">Bienfaits :<\/strong><br data-start=\"2072\" data-end=\"2075\" \/>Exfolie en douceur et affine le grain de peau<br data-start=\"2123\" data-end=\"2126\" \/>Hydrate et nourrit gr\u00e2ce \u00e0 ses huiles pr\u00e9cieuses<\/p>\n<p data-start=\"2057\" data-end=\"2220\">Laisse un parfum frais et vivifiant<\/p>\n<p data-start=\"2222\" data-end=\"2324\"><strong data-start=\"2222\" data-end=\"2244\">Ingr\u00e9dients cl\u00e9s :<\/strong> Extrait de citron, sucre de canne bio, huile d\u2019amande douce, beurre de karit\u00e9<\/p>\n<p data-start=\"2326\" data-end=\"2465\"><strong data-start=\"2326\" data-end=\"2354\">Conseils d&rsquo;utilisation :<\/strong> Appliquer sur peau humide en mouvements circulaires, puis rincer abondamment. \u00c0 utiliser 2 fois par semaine.<\/p>\n","protected":false},"featured_media":1521,"comment_status":"open","ping_status":"closed","template":"","meta":[],"product_brand":[],"product_cat":[39],"product_tag":[],"class_list":{"0":"post-1502","1":"product","2":"type-product","3":"status-publish","4":"has-post-thumbnail","6":"product_cat-beaute-et-routine-skincare","8":"first","9":"instock","10":"shipping-taxable","11":"purchasable","12":"product-type-simple"},"yoast_head":"<!-- This site is optimized with the Yoast SEO plugin v24.7 - https:\/\/yoast.com\/wordpress\/plugins\/seo\/ -->\n<title>Gommage Corporel - LR Health and Beauty By NFD<\/title>\n<meta name=\"description\" content=\"L\u2019extrait de citron purifie et tonifie la peau, tandis que le sucre de canne bio favorise une exfoliation naturelle et efficace. Enrichi en huile d\u2019amande douce et en beurre de karit\u00e9, ce gommage laisse votre peau lisse, hydrat\u00e9e et d\u00e9licatement parfum\u00e9e.\" \/>\n<meta name=\"robots\" content=\"index, follow, max-snippet:-1, max-image-preview:large, max-video-preview:-1\" \/>\n<link rel=\"canonical\" href=\"https:\/\/317957.peda.univ-lille.fr\/?product=gommage\" \/>\n<meta property=\"og:locale\" content=\"fr_FR\" \/>\n<meta property=\"og:type\" content=\"article\" \/>\n<meta property=\"og:title\" content=\"Gommage Corporel - LR Health and Beauty By NFD\" \/>\n<meta property=\"og:description\" content=\"L\u2019extrait de citron purifie et tonifie la peau, tandis que le sucre de canne bio favorise une exfoliation naturelle et efficace. Enrichi en huile d\u2019amande douce et en beurre de karit\u00e9, ce gommage laisse votre peau lisse, hydrat\u00e9e et d\u00e9licatement parfum\u00e9e.\" \/>\n<meta property=\"og:url\" content=\"https:\/\/317957.peda.univ-lille.fr\/?product=gommage\" \/>\n<meta property=\"og:site_name\" content=\"LR Health and Beauty By NFD\" \/>\n<meta property=\"article:modified_time\" content=\"2025-03-20T13:26:55+00:00\" \/>\n<meta property=\"og:image\" content=\"https:\/\/317957.peda.univ-lille.fr\/wp-content\/uploads\/2025\/03\/IMG_6174.jpeg\" \/>\n\t<meta property=\"og:image:width\" content=\"1280\" \/>\n\t<meta property=\"og:image:height\" content=\"960\" \/>\n\t<meta property=\"og:image:type\" content=\"image\/jpeg\" \/>\n<meta name=\"twitter:card\" content=\"summary_large_image\" \/>\n<meta name=\"twitter:label1\" content=\"Dur\u00e9e de lecture estim\u00e9e\" \/>\n\t<meta name=\"twitter:data1\" content=\"1 minute\" \/>\n<script type=\"application\/ld+json\" class=\"yoast-schema-graph\">{\"@context\":\"https:\/\/schema.org\",\"@graph\":[{\"@type\":\"WebPage\",\"@id\":\"https:\/\/317957.peda.univ-lille.fr\/?product=gommage\",\"url\":\"https:\/\/317957.peda.univ-lille.fr\/?product=gommage\",\"name\":\"Gommage Corporel - LR Health and Beauty By NFD\",\"isPartOf\":{\"@id\":\"https:\/\/317957.peda.univ-lille.fr\/#website\"},\"primaryImageOfPage\":{\"@id\":\"https:\/\/317957.peda.univ-lille.fr\/?product=gommage#primaryimage\"},\"image\":{\"@id\":\"https:\/\/317957.peda.univ-lille.fr\/?product=gommage#primaryimage\"},\"thumbnailUrl\":\"https:\/\/317957.peda.univ-lille.fr\/wp-content\/uploads\/2025\/03\/IMG_6174.jpeg\",\"datePublished\":\"2025-03-19T22:51:59+00:00\",\"dateModified\":\"2025-03-20T13:26:55+00:00\",\"description\":\"L\u2019extrait de citron purifie et tonifie la peau, tandis que le sucre de canne bio favorise une exfoliation naturelle et efficace. Enrichi en huile d\u2019amande douce et en beurre de karit\u00e9, ce gommage laisse votre peau lisse, hydrat\u00e9e et d\u00e9licatement parfum\u00e9e.\",\"breadcrumb\":{\"@id\":\"https:\/\/317957.peda.univ-lille.fr\/?product=gommage#breadcrumb\"},\"inLanguage\":\"fr-FR\",\"potentialAction\":[{\"@type\":\"ReadAction\",\"target\":[\"https:\/\/317957.peda.univ-lille.fr\/?product=gommage\"]}]},{\"@type\":\"ImageObject\",\"inLanguage\":\"fr-FR\",\"@id\":\"https:\/\/317957.peda.univ-lille.fr\/?product=gommage#primaryimage\",\"url\":\"https:\/\/317957.peda.univ-lille.fr\/wp-content\/uploads\/2025\/03\/IMG_6174.jpeg\",\"contentUrl\":\"https:\/\/317957.peda.univ-lille.fr\/wp-content\/uploads\/2025\/03\/IMG_6174.jpeg\",\"width\":1280,\"height\":960},{\"@type\":\"BreadcrumbList\",\"@id\":\"https:\/\/317957.peda.univ-lille.fr\/?product=gommage#breadcrumb\",\"itemListElement\":[{\"@type\":\"ListItem\",\"position\":1,\"name\":\"Accueil\",\"item\":\"https:\/\/317957.peda.univ-lille.fr\/\"},{\"@type\":\"ListItem\",\"position\":2,\"name\":\"Boutique\",\"item\":\"https:\/\/317957.peda.univ-lille.fr\/?page_id=1484\"},{\"@type\":\"ListItem\",\"position\":3,\"name\":\"Gommage Corporel\"}]},{\"@type\":\"WebSite\",\"@id\":\"https:\/\/317957.peda.univ-lille.fr\/#website\",\"url\":\"https:\/\/317957.peda.univ-lille.fr\/\",\"name\":\"LR Health and Beauty By NFD\",\"description\":\"Votre bien-\u00eatre en temps r\u00e9el\",\"publisher\":{\"@id\":\"https:\/\/317957.peda.univ-lille.fr\/#organization\"},\"potentialAction\":[{\"@type\":\"SearchAction\",\"target\":{\"@type\":\"EntryPoint\",\"urlTemplate\":\"https:\/\/317957.peda.univ-lille.fr\/?s={search_term_string}\"},\"query-input\":{\"@type\":\"PropertyValueSpecification\",\"valueRequired\":true,\"valueName\":\"search_term_string\"}}],\"inLanguage\":\"fr-FR\"},{\"@type\":\"Organization\",\"@id\":\"https:\/\/317957.peda.univ-lille.fr\/#organization\",\"name\":\"LR Health and Beauty By NFD\",\"url\":\"https:\/\/317957.peda.univ-lille.fr\/\",\"logo\":{\"@type\":\"ImageObject\",\"inLanguage\":\"fr-FR\",\"@id\":\"https:\/\/317957.peda.univ-lille.fr\/#\/schema\/logo\/image\/\",\"url\":\"https:\/\/317957.peda.univ-lille.fr\/wp-content\/uploads\/2025\/04\/Logo-pour-un-Institut-de-beaute.png\",\"contentUrl\":\"https:\/\/317957.peda.univ-lille.fr\/wp-content\/uploads\/2025\/04\/Logo-pour-un-Institut-de-beaute.png\",\"width\":500,\"height\":500,\"caption\":\"LR Health and Beauty By NFD\"},\"image\":{\"@id\":\"https:\/\/317957.peda.univ-lille.fr\/#\/schema\/logo\/image\/\"}}]}<\/script>\n<!-- \/ Yoast SEO plugin. -->","yoast_head_json":{"title":"Gommage Corporel - LR Health and Beauty By NFD","description":"L\u2019extrait de citron purifie et tonifie la peau, tandis que le sucre de canne bio favorise une exfoliation naturelle et efficace. Enrichi en huile d\u2019amande douce et en beurre de karit\u00e9, ce gommage laisse votre peau lisse, hydrat\u00e9e et d\u00e9licatement parfum\u00e9e.","robots":{"index":"index","follow":"follow","max-snippet":"max-snippet:-1","max-image-preview":"max-image-preview:large","max-video-preview":"max-video-preview:-1"},"canonical":"https:\/\/317957.peda.univ-lille.fr\/?product=gommage","og_locale":"fr_FR","og_type":"article","og_title":"Gommage Corporel - LR Health and Beauty By NFD","og_description":"L\u2019extrait de citron purifie et tonifie la peau, tandis que le sucre de canne bio favorise une exfoliation naturelle et efficace. Enrichi en huile d\u2019amande douce et en beurre de karit\u00e9, ce gommage laisse votre peau lisse, hydrat\u00e9e et d\u00e9licatement parfum\u00e9e.","og_url":"https:\/\/317957.peda.univ-lille.fr\/?product=gommage","og_site_name":"LR Health and Beauty By NFD","article_modified_time":"2025-03-20T13:26:55+00:00","og_image":[{"width":1280,"height":960,"url":"https:\/\/317957.peda.univ-lille.fr\/wp-content\/uploads\/2025\/03\/IMG_6174.jpeg","type":"image\/jpeg"}],"twitter_card":"summary_large_image","twitter_misc":{"Dur\u00e9e de lecture estim\u00e9e":"1 minute"},"schema":{"@context":"https:\/\/schema.org","@graph":[{"@type":"WebPage","@id":"https:\/\/317957.peda.univ-lille.fr\/?product=gommage","url":"https:\/\/317957.peda.univ-lille.fr\/?product=gommage","name":"Gommage Corporel - LR Health and Beauty By NFD","isPartOf":{"@id":"https:\/\/317957.peda.univ-lille.fr\/#website"},"primaryImageOfPage":{"@id":"https:\/\/317957.peda.univ-lille.fr\/?product=gommage#primaryimage"},"image":{"@id":"https:\/\/317957.peda.univ-lille.fr\/?product=gommage#primaryimage"},"thumbnailUrl":"https:\/\/317957.peda.univ-lille.fr\/wp-content\/uploads\/2025\/03\/IMG_6174.jpeg","datePublished":"2025-03-19T22:51:59+00:00","dateModified":"2025-03-20T13:26:55+00:00","description":"L\u2019extrait de citron purifie et tonifie la peau, tandis que le sucre de canne bio favorise une exfoliation naturelle et efficace. Enrichi en huile d\u2019amande douce et en beurre de karit\u00e9, ce gommage laisse votre peau lisse, hydrat\u00e9e et d\u00e9licatement parfum\u00e9e.","breadcrumb":{"@id":"https:\/\/317957.peda.univ-lille.fr\/?product=gommage#breadcrumb"},"inLanguage":"fr-FR","potentialAction":[{"@type":"ReadAction","target":["https:\/\/317957.peda.univ-lille.fr\/?product=gommage"]}]},{"@type":"ImageObject","inLanguage":"fr-FR","@id":"https:\/\/317957.peda.univ-lille.fr\/?product=gommage#primaryimage","url":"https:\/\/317957.peda.univ-lille.fr\/wp-content\/uploads\/2025\/03\/IMG_6174.jpeg","contentUrl":"https:\/\/317957.peda.univ-lille.fr\/wp-content\/uploads\/2025\/03\/IMG_6174.jpeg","width":1280,"height":960},{"@type":"BreadcrumbList","@id":"https:\/\/317957.peda.univ-lille.fr\/?product=gommage#breadcrumb","itemListElement":[{"@type":"ListItem","position":1,"name":"Accueil","item":"https:\/\/317957.peda.univ-lille.fr\/"},{"@type":"ListItem","position":2,"name":"Boutique","item":"https:\/\/317957.peda.univ-lille.fr\/?page_id=1484"},{"@type":"ListItem","position":3,"name":"Gommage Corporel"}]},{"@type":"WebSite","@id":"https:\/\/317957.peda.univ-lille.fr\/#website","url":"https:\/\/317957.peda.univ-lille.fr\/","name":"LR Health and Beauty By NFD","description":"Votre bien-\u00eatre en temps r\u00e9el","publisher":{"@id":"https:\/\/317957.peda.univ-lille.fr\/#organization"},"potentialAction":[{"@type":"SearchAction","target":{"@type":"EntryPoint","urlTemplate":"https:\/\/317957.peda.univ-lille.fr\/?s={search_term_string}"},"query-input":{"@type":"PropertyValueSpecification","valueRequired":true,"valueName":"search_term_string"}}],"inLanguage":"fr-FR"},{"@type":"Organization","@id":"https:\/\/317957.peda.univ-lille.fr\/#organization","name":"LR Health and Beauty By NFD","url":"https:\/\/317957.peda.univ-lille.fr\/","logo":{"@type":"ImageObject","inLanguage":"fr-FR","@id":"https:\/\/317957.peda.univ-lille.fr\/#\/schema\/logo\/image\/","url":"https:\/\/317957.peda.univ-lille.fr\/wp-content\/uploads\/2025\/04\/Logo-pour-un-Institut-de-beaute.png","contentUrl":"https:\/\/317957.peda.univ-lille.fr\/wp-content\/uploads\/2025\/04\/Logo-pour-un-Institut-de-beaute.png","width":500,"height":500,"caption":"LR Health and Beauty By NFD"},"image":{"@id":"https:\/\/317957.peda.univ-lille.fr\/#\/schema\/logo\/image\/"}}]}},"_links":{"self":[{"href":"https:\/\/317957.peda.univ-lille.fr\/index.php?rest_route=\/wp\/v2\/product\/1502","targetHints":{"allow":["GET"]}}],"collection":[{"href":"https:\/\/317957.peda.univ-lille.fr\/index.php?rest_route=\/wp\/v2\/product"}],"about":[{"href":"https:\/\/317957.peda.univ-lille.fr\/index.php?rest_route=\/wp\/v2\/types\/product"}],"replies":[{"embeddable":true,"href":"https:\/\/317957.peda.univ-lille.fr\/index.php?rest_route=%2Fwp%2Fv2%2Fcomments&post=1502"}],"wp:featuredmedia":[{"embeddable":true,"href":"https:\/\/317957.peda.univ-lille.fr\/index.php?rest_route=\/wp\/v2\/media\/1521"}],"wp:attachment":[{"href":"https:\/\/317957.peda.univ-lille.fr\/index.php?rest_route=%2Fwp%2Fv2%2Fmedia&parent=1502"}],"wp:term":[{"taxonomy":"product_brand","embeddable":true,"href":"https:\/\/317957.peda.univ-lille.fr\/index.php?rest_route=%2Fwp%2Fv2%2Fproduct_brand&post=1502"},{"taxonomy":"product_cat","embeddable":true,"href":"https:\/\/317957.peda.univ-lille.fr\/index.php?rest_route=%2Fwp%2Fv2%2Fproduct_cat&post=1502"},{"taxonomy":"product_tag","embeddable":true,"href":"https:\/\/317957.peda.univ-lille.fr\/index.php?rest_route=%2Fwp%2Fv2%2Fproduct_tag&post=1502"}],"curies":[{"name":"wp","href":"https:\/\/api.w.org\/{rel}","templated":true}]}}