{"id":1512,"date":"2025-03-20T11:34:20","date_gmt":"2025-03-20T10:34:20","guid":{"rendered":"https:\/\/317957.peda.univ-lille.fr\/?post_type=product&#038;p=1512"},"modified":"2025-03-20T14:07:02","modified_gmt":"2025-03-20T13:07:02","slug":"baume-corporel","status":"publish","type":"product","link":"https:\/\/317957.peda.univ-lille.fr\/?product=baume-corporel","title":{"rendered":"Lait de corps"},"content":{"rendered":"<blockquote>\n<ul>\n<li data-start=\"105\" data-end=\"383\">Offrez \u00e0 votre peau un soin hydratant et rafra\u00eechissant avec notre baume <strong data-start=\"192\" data-end=\"244\">pour le corps au citron et beurre de karit\u00e9<\/strong>. Sa texture fluide et l\u00e9g\u00e8re p\u00e9n\u00e8tre instantan\u00e9ment sans effet gras, tout en procurant une sensation imm\u00e9diate de douceur et de confort.<\/li>\n<\/ul>\n<p data-start=\"385\" data-end=\"726\">Formul\u00e9 \u00e0 base d\u2019<strong data-start=\"402\" data-end=\"427\">extrait de citron bio<\/strong>, reconnu pour ses vertus tonifiantes et antioxydantes, ce baume revitalise la peau et aide \u00e0 lui redonner \u00e9clat et souplesse. Associ\u00e9 au <strong data-start=\"564\" data-end=\"596\">beurre de karit\u00e9 nourrissant<\/strong>, \u00e0 l\u2019<strong data-start=\"602\" data-end=\"626\">huile d\u2019amande douce<\/strong> et \u00e0 l\u2019<strong data-start=\"634\" data-end=\"656\">alo\u00e9 vera apaisant<\/strong>, il hydrate en profondeur et prot\u00e8ge contre le<\/p>\n<p data-start=\"385\" data-end=\"726\">dess\u00e8chement cutan\u00e9.<\/p>\n<\/blockquote>\n<p data-start=\"728\" data-end=\"862\">Id\u00e9al pour une utilisation quotidienne, il laisse la peau douce, lisse et d\u00e9licatement parfum\u00e9e d\u2019une senteur fra\u00eeche et vivifiante.<\/p>\n<p data-start=\"864\" data-end=\"1091\"><strong data-start=\"864\" data-end=\"879\">Bienfaits :<\/strong><br data-start=\"879\" data-end=\"882\" \/>Hydrate et nourrit en profondeur sans effet gras<br data-start=\"933\" data-end=\"936\" \/>Apaise et prot\u00e8ge la peau des agressions ext\u00e9rieures<br data-start=\"991\" data-end=\"994\" \/>Tonifie et illumine le teint gr\u00e2ce au citron bio<br data-start=\"1045\" data-end=\"1048\" \/>Texture fluide, l\u00e9g\u00e8re et non collante<\/p>\n<p data-start=\"1093\" data-end=\"1117\"><strong data-start=\"1093\" data-end=\"1115\">Ingr\u00e9dients cl\u00e9s :<\/strong><\/p>\n<ul data-start=\"1118\" data-end=\"1373\">\n<li data-start=\"1118\" data-end=\"1189\"><strong data-start=\"1120\" data-end=\"1145\">Extrait de citron bio<\/strong> : rafra\u00eechit, tonifie et illumine la peau<\/li>\n<li data-start=\"1190\" data-end=\"1263\"><strong data-start=\"1192\" data-end=\"1212\">Beurre de karit\u00e9<\/strong> : nourrit intens\u00e9ment et prot\u00e8ge du dess\u00e8chement<\/li>\n<li data-start=\"1264\" data-end=\"1323\"><strong data-start=\"1266\" data-end=\"1290\">Huile d\u2019amande douce<\/strong> : adoucit et assouplit la peau<\/li>\n<li data-start=\"1324\" data-end=\"1373\"><strong data-start=\"1326\" data-end=\"1339\">Aloe vera<\/strong> : apaise et hydrate durablement<\/li>\n<\/ul>\n<p data-start=\"1375\" data-end=\"1535\"><strong data-start=\"1375\" data-end=\"1403\">Conseils d&rsquo;utilisation :<\/strong><br data-start=\"1403\" data-end=\"1406\" \/>Appliquer matin et\/ou soir sur peau propre et s\u00e8che. Masser d\u00e9licatement en mouvements circulaires jusqu\u2019\u00e0 absorption compl\u00e8te.<\/p>\n","protected":false},"excerpt":{"rendered":"<p data-start=\"105\" data-end=\"383\">Offrez \u00e0 votre peau un soin hydratant et rafra\u00eechissant avec notre baume <strong data-start=\"192\" data-end=\"244\">pour le corps au citron et beurre de karit\u00e9<\/strong>. Sa texture fluide et l\u00e9g\u00e8re p\u00e9n\u00e8tre instantan\u00e9ment sans effet gras, tout en procurant une sensation imm\u00e9diate de douceur et hydratation.<\/p>\n<p data-start=\"864\" data-end=\"1091\">Tonifie et illumine le teint gr\u00e2ce au citron bio<br data-start=\"1045\" data-end=\"1048\" \/>Texture fluide, l\u00e9g\u00e8re et non collante<\/p>\n<p data-start=\"1093\" data-end=\"1117\"><strong data-start=\"1093\" data-end=\"1115\">Ingr\u00e9dients cl\u00e9s :<\/strong><\/p>\n<ul data-start=\"1118\" data-end=\"1373\">\n<li data-start=\"1118\" data-end=\"1189\"><strong data-start=\"1120\" data-end=\"1145\">Extrait de citron bio<\/strong> : rafra\u00eechit, tonifie et illumine la peau<\/li>\n<li data-start=\"1190\" data-end=\"1263\"><strong data-start=\"1192\" data-end=\"1212\">Beurre de karit\u00e9<\/strong> : nourrit intens\u00e9ment et prot\u00e8ge du dess\u00e8chement<\/li>\n<li data-start=\"1264\" data-end=\"1323\"><strong data-start=\"1266\" data-end=\"1290\">Huile d\u2019amande douce<\/strong> : adoucit et assouplit la peau<\/li>\n<li data-start=\"1324\" data-end=\"1373\"><strong data-start=\"1326\" data-end=\"1339\">Aloe vera<\/strong> : apaise et hydrate durablement<\/li>\n<\/ul>\n<p data-start=\"1375\" data-end=\"1535\"><strong data-start=\"1375\" data-end=\"1403\">Conseils d&rsquo;utilisation :<\/strong><br data-start=\"1403\" data-end=\"1406\" \/>Appliquer matin et\/ou soir sur peau propre et s\u00e8che. Masser d\u00e9licatement en mouvements circulaires jusqu\u2019\u00e0 absorption compl\u00e8te.<\/p>\n","protected":false},"featured_media":1505,"comment_status":"open","ping_status":"closed","template":"","meta":[],"product_brand":[],"product_cat":[39],"product_tag":[],"class_list":{"0":"post-1512","1":"product","2":"type-product","3":"status-publish","4":"has-post-thumbnail","6":"product_cat-beaute-et-routine-skincare","8":"first","9":"instock","10":"shipping-taxable","11":"purchasable","12":"product-type-simple"},"yoast_head":"<!-- This site is optimized with the Yoast SEO plugin v24.7 - https:\/\/yoast.com\/wordpress\/plugins\/seo\/ -->\n<title>Lait de corps - LR Health and Beauty By NFD<\/title>\n<meta name=\"description\" content=\"Offrez \u00e0 votre peau un soin hydratant et rafra\u00eechissant avec notre baume pour le corps au citron et beurre de karit\u00e9. Sa texture fluide et l\u00e9g\u00e8re p\u00e9n\u00e8tre instantan\u00e9ment sans effet gras, tout en procurant une sensation imm\u00e9diate de douceur et de confort.Formul\u00e9 \u00e0 base d\u2019extrait de citron bio, reconnu pour ses vertus tonifiantes et antioxydantes, ce baume revitalise la peau et aide \u00e0 lui redonner \u00e9clat et souplesse. Associ\u00e9 au beurre de karit\u00e9 nourrissant, \u00e0 l\u2019huile d\u2019amande douce et \u00e0 l\u2019alo\u00e9 vera apaisant, il hydrate en profondeur et prot\u00e8ge contre le dess\u00e8chement cutan\u00e9.\" \/>\n<meta name=\"robots\" content=\"index, follow, max-snippet:-1, max-image-preview:large, max-video-preview:-1\" \/>\n<link rel=\"canonical\" href=\"https:\/\/317957.peda.univ-lille.fr\/?product=baume-corporel\" \/>\n<meta property=\"og:locale\" content=\"fr_FR\" \/>\n<meta property=\"og:type\" content=\"article\" \/>\n<meta property=\"og:title\" content=\"Lait de corps - LR Health and Beauty By NFD\" \/>\n<meta property=\"og:description\" content=\"Offrez \u00e0 votre peau un soin hydratant et rafra\u00eechissant avec notre baume pour le corps au citron et beurre de karit\u00e9. Sa texture fluide et l\u00e9g\u00e8re p\u00e9n\u00e8tre instantan\u00e9ment sans effet gras, tout en procurant une sensation imm\u00e9diate de douceur et de confort.Formul\u00e9 \u00e0 base d\u2019extrait de citron bio, reconnu pour ses vertus tonifiantes et antioxydantes, ce baume revitalise la peau et aide \u00e0 lui redonner \u00e9clat et souplesse. Associ\u00e9 au beurre de karit\u00e9 nourrissant, \u00e0 l\u2019huile d\u2019amande douce et \u00e0 l\u2019alo\u00e9 vera apaisant, il hydrate en profondeur et prot\u00e8ge contre le dess\u00e8chement cutan\u00e9.\" \/>\n<meta property=\"og:url\" content=\"https:\/\/317957.peda.univ-lille.fr\/?product=baume-corporel\" \/>\n<meta property=\"og:site_name\" content=\"LR Health and Beauty By NFD\" \/>\n<meta property=\"article:modified_time\" content=\"2025-03-20T13:07:02+00:00\" \/>\n<meta property=\"og:image\" content=\"https:\/\/317957.peda.univ-lille.fr\/wp-content\/uploads\/2025\/03\/cosmo-naturel-lait-corporel-agrumes-500ml.jpg\" \/>\n\t<meta property=\"og:image:width\" content=\"600\" \/>\n\t<meta property=\"og:image:height\" content=\"600\" \/>\n\t<meta property=\"og:image:type\" content=\"image\/jpeg\" \/>\n<meta name=\"twitter:card\" content=\"summary_large_image\" \/>\n<meta name=\"twitter:label1\" content=\"Dur\u00e9e de lecture estim\u00e9e\" \/>\n\t<meta name=\"twitter:data1\" content=\"1 minute\" \/>\n<script type=\"application\/ld+json\" class=\"yoast-schema-graph\">{\"@context\":\"https:\/\/schema.org\",\"@graph\":[{\"@type\":\"WebPage\",\"@id\":\"https:\/\/317957.peda.univ-lille.fr\/?product=baume-corporel\",\"url\":\"https:\/\/317957.peda.univ-lille.fr\/?product=baume-corporel\",\"name\":\"Lait de corps - LR Health and Beauty By NFD\",\"isPartOf\":{\"@id\":\"https:\/\/317957.peda.univ-lille.fr\/#website\"},\"primaryImageOfPage\":{\"@id\":\"https:\/\/317957.peda.univ-lille.fr\/?product=baume-corporel#primaryimage\"},\"image\":{\"@id\":\"https:\/\/317957.peda.univ-lille.fr\/?product=baume-corporel#primaryimage\"},\"thumbnailUrl\":\"https:\/\/317957.peda.univ-lille.fr\/wp-content\/uploads\/2025\/03\/cosmo-naturel-lait-corporel-agrumes-500ml.jpg\",\"datePublished\":\"2025-03-20T10:34:20+00:00\",\"dateModified\":\"2025-03-20T13:07:02+00:00\",\"description\":\"Offrez \u00e0 votre peau un soin hydratant et rafra\u00eechissant avec notre baume pour le corps au citron et beurre de karit\u00e9. Sa texture fluide et l\u00e9g\u00e8re p\u00e9n\u00e8tre instantan\u00e9ment sans effet gras, tout en procurant une sensation imm\u00e9diate de douceur et de confort.Formul\u00e9 \u00e0 base d\u2019extrait de citron bio, reconnu pour ses vertus tonifiantes et antioxydantes, ce baume revitalise la peau et aide \u00e0 lui redonner \u00e9clat et souplesse. Associ\u00e9 au beurre de karit\u00e9 nourrissant, \u00e0 l\u2019huile d\u2019amande douce et \u00e0 l\u2019alo\u00e9 vera apaisant, il hydrate en profondeur et prot\u00e8ge contre le dess\u00e8chement cutan\u00e9.\",\"breadcrumb\":{\"@id\":\"https:\/\/317957.peda.univ-lille.fr\/?product=baume-corporel#breadcrumb\"},\"inLanguage\":\"fr-FR\",\"potentialAction\":[{\"@type\":\"ReadAction\",\"target\":[\"https:\/\/317957.peda.univ-lille.fr\/?product=baume-corporel\"]}]},{\"@type\":\"ImageObject\",\"inLanguage\":\"fr-FR\",\"@id\":\"https:\/\/317957.peda.univ-lille.fr\/?product=baume-corporel#primaryimage\",\"url\":\"https:\/\/317957.peda.univ-lille.fr\/wp-content\/uploads\/2025\/03\/cosmo-naturel-lait-corporel-agrumes-500ml.jpg\",\"contentUrl\":\"https:\/\/317957.peda.univ-lille.fr\/wp-content\/uploads\/2025\/03\/cosmo-naturel-lait-corporel-agrumes-500ml.jpg\",\"width\":600,\"height\":600},{\"@type\":\"BreadcrumbList\",\"@id\":\"https:\/\/317957.peda.univ-lille.fr\/?product=baume-corporel#breadcrumb\",\"itemListElement\":[{\"@type\":\"ListItem\",\"position\":1,\"name\":\"Accueil\",\"item\":\"https:\/\/317957.peda.univ-lille.fr\/\"},{\"@type\":\"ListItem\",\"position\":2,\"name\":\"Boutique\",\"item\":\"https:\/\/317957.peda.univ-lille.fr\/?page_id=1484\"},{\"@type\":\"ListItem\",\"position\":3,\"name\":\"Lait de corps\"}]},{\"@type\":\"WebSite\",\"@id\":\"https:\/\/317957.peda.univ-lille.fr\/#website\",\"url\":\"https:\/\/317957.peda.univ-lille.fr\/\",\"name\":\"LR Health and Beauty By NFD\",\"description\":\"Votre bien-\u00eatre en temps r\u00e9el\",\"publisher\":{\"@id\":\"https:\/\/317957.peda.univ-lille.fr\/#organization\"},\"potentialAction\":[{\"@type\":\"SearchAction\",\"target\":{\"@type\":\"EntryPoint\",\"urlTemplate\":\"https:\/\/317957.peda.univ-lille.fr\/?s={search_term_string}\"},\"query-input\":{\"@type\":\"PropertyValueSpecification\",\"valueRequired\":true,\"valueName\":\"search_term_string\"}}],\"inLanguage\":\"fr-FR\"},{\"@type\":\"Organization\",\"@id\":\"https:\/\/317957.peda.univ-lille.fr\/#organization\",\"name\":\"LR Health and Beauty By NFD\",\"url\":\"https:\/\/317957.peda.univ-lille.fr\/\",\"logo\":{\"@type\":\"ImageObject\",\"inLanguage\":\"fr-FR\",\"@id\":\"https:\/\/317957.peda.univ-lille.fr\/#\/schema\/logo\/image\/\",\"url\":\"https:\/\/317957.peda.univ-lille.fr\/wp-content\/uploads\/2025\/04\/Logo-pour-un-Institut-de-beaute.png\",\"contentUrl\":\"https:\/\/317957.peda.univ-lille.fr\/wp-content\/uploads\/2025\/04\/Logo-pour-un-Institut-de-beaute.png\",\"width\":500,\"height\":500,\"caption\":\"LR Health and Beauty By NFD\"},\"image\":{\"@id\":\"https:\/\/317957.peda.univ-lille.fr\/#\/schema\/logo\/image\/\"}}]}<\/script>\n<!-- \/ Yoast SEO plugin. -->","yoast_head_json":{"title":"Lait de corps - LR Health and Beauty By NFD","description":"Offrez \u00e0 votre peau un soin hydratant et rafra\u00eechissant avec notre baume pour le corps au citron et beurre de karit\u00e9. Sa texture fluide et l\u00e9g\u00e8re p\u00e9n\u00e8tre instantan\u00e9ment sans effet gras, tout en procurant une sensation imm\u00e9diate de douceur et de confort.Formul\u00e9 \u00e0 base d\u2019extrait de citron bio, reconnu pour ses vertus tonifiantes et antioxydantes, ce baume revitalise la peau et aide \u00e0 lui redonner \u00e9clat et souplesse. Associ\u00e9 au beurre de karit\u00e9 nourrissant, \u00e0 l\u2019huile d\u2019amande douce et \u00e0 l\u2019alo\u00e9 vera apaisant, il hydrate en profondeur et prot\u00e8ge contre le dess\u00e8chement cutan\u00e9.","robots":{"index":"index","follow":"follow","max-snippet":"max-snippet:-1","max-image-preview":"max-image-preview:large","max-video-preview":"max-video-preview:-1"},"canonical":"https:\/\/317957.peda.univ-lille.fr\/?product=baume-corporel","og_locale":"fr_FR","og_type":"article","og_title":"Lait de corps - LR Health and Beauty By NFD","og_description":"Offrez \u00e0 votre peau un soin hydratant et rafra\u00eechissant avec notre baume pour le corps au citron et beurre de karit\u00e9. Sa texture fluide et l\u00e9g\u00e8re p\u00e9n\u00e8tre instantan\u00e9ment sans effet gras, tout en procurant une sensation imm\u00e9diate de douceur et de confort.Formul\u00e9 \u00e0 base d\u2019extrait de citron bio, reconnu pour ses vertus tonifiantes et antioxydantes, ce baume revitalise la peau et aide \u00e0 lui redonner \u00e9clat et souplesse. Associ\u00e9 au beurre de karit\u00e9 nourrissant, \u00e0 l\u2019huile d\u2019amande douce et \u00e0 l\u2019alo\u00e9 vera apaisant, il hydrate en profondeur et prot\u00e8ge contre le dess\u00e8chement cutan\u00e9.","og_url":"https:\/\/317957.peda.univ-lille.fr\/?product=baume-corporel","og_site_name":"LR Health and Beauty By NFD","article_modified_time":"2025-03-20T13:07:02+00:00","og_image":[{"width":600,"height":600,"url":"https:\/\/317957.peda.univ-lille.fr\/wp-content\/uploads\/2025\/03\/cosmo-naturel-lait-corporel-agrumes-500ml.jpg","type":"image\/jpeg"}],"twitter_card":"summary_large_image","twitter_misc":{"Dur\u00e9e de lecture estim\u00e9e":"1 minute"},"schema":{"@context":"https:\/\/schema.org","@graph":[{"@type":"WebPage","@id":"https:\/\/317957.peda.univ-lille.fr\/?product=baume-corporel","url":"https:\/\/317957.peda.univ-lille.fr\/?product=baume-corporel","name":"Lait de corps - LR Health and Beauty By NFD","isPartOf":{"@id":"https:\/\/317957.peda.univ-lille.fr\/#website"},"primaryImageOfPage":{"@id":"https:\/\/317957.peda.univ-lille.fr\/?product=baume-corporel#primaryimage"},"image":{"@id":"https:\/\/317957.peda.univ-lille.fr\/?product=baume-corporel#primaryimage"},"thumbnailUrl":"https:\/\/317957.peda.univ-lille.fr\/wp-content\/uploads\/2025\/03\/cosmo-naturel-lait-corporel-agrumes-500ml.jpg","datePublished":"2025-03-20T10:34:20+00:00","dateModified":"2025-03-20T13:07:02+00:00","description":"Offrez \u00e0 votre peau un soin hydratant et rafra\u00eechissant avec notre baume pour le corps au citron et beurre de karit\u00e9. Sa texture fluide et l\u00e9g\u00e8re p\u00e9n\u00e8tre instantan\u00e9ment sans effet gras, tout en procurant une sensation imm\u00e9diate de douceur et de confort.Formul\u00e9 \u00e0 base d\u2019extrait de citron bio, reconnu pour ses vertus tonifiantes et antioxydantes, ce baume revitalise la peau et aide \u00e0 lui redonner \u00e9clat et souplesse. Associ\u00e9 au beurre de karit\u00e9 nourrissant, \u00e0 l\u2019huile d\u2019amande douce et \u00e0 l\u2019alo\u00e9 vera apaisant, il hydrate en profondeur et prot\u00e8ge contre le dess\u00e8chement cutan\u00e9.","breadcrumb":{"@id":"https:\/\/317957.peda.univ-lille.fr\/?product=baume-corporel#breadcrumb"},"inLanguage":"fr-FR","potentialAction":[{"@type":"ReadAction","target":["https:\/\/317957.peda.univ-lille.fr\/?product=baume-corporel"]}]},{"@type":"ImageObject","inLanguage":"fr-FR","@id":"https:\/\/317957.peda.univ-lille.fr\/?product=baume-corporel#primaryimage","url":"https:\/\/317957.peda.univ-lille.fr\/wp-content\/uploads\/2025\/03\/cosmo-naturel-lait-corporel-agrumes-500ml.jpg","contentUrl":"https:\/\/317957.peda.univ-lille.fr\/wp-content\/uploads\/2025\/03\/cosmo-naturel-lait-corporel-agrumes-500ml.jpg","width":600,"height":600},{"@type":"BreadcrumbList","@id":"https:\/\/317957.peda.univ-lille.fr\/?product=baume-corporel#breadcrumb","itemListElement":[{"@type":"ListItem","position":1,"name":"Accueil","item":"https:\/\/317957.peda.univ-lille.fr\/"},{"@type":"ListItem","position":2,"name":"Boutique","item":"https:\/\/317957.peda.univ-lille.fr\/?page_id=1484"},{"@type":"ListItem","position":3,"name":"Lait de corps"}]},{"@type":"WebSite","@id":"https:\/\/317957.peda.univ-lille.fr\/#website","url":"https:\/\/317957.peda.univ-lille.fr\/","name":"LR Health and Beauty By NFD","description":"Votre bien-\u00eatre en temps r\u00e9el","publisher":{"@id":"https:\/\/317957.peda.univ-lille.fr\/#organization"},"potentialAction":[{"@type":"SearchAction","target":{"@type":"EntryPoint","urlTemplate":"https:\/\/317957.peda.univ-lille.fr\/?s={search_term_string}"},"query-input":{"@type":"PropertyValueSpecification","valueRequired":true,"valueName":"search_term_string"}}],"inLanguage":"fr-FR"},{"@type":"Organization","@id":"https:\/\/317957.peda.univ-lille.fr\/#organization","name":"LR Health and Beauty By NFD","url":"https:\/\/317957.peda.univ-lille.fr\/","logo":{"@type":"ImageObject","inLanguage":"fr-FR","@id":"https:\/\/317957.peda.univ-lille.fr\/#\/schema\/logo\/image\/","url":"https:\/\/317957.peda.univ-lille.fr\/wp-content\/uploads\/2025\/04\/Logo-pour-un-Institut-de-beaute.png","contentUrl":"https:\/\/317957.peda.univ-lille.fr\/wp-content\/uploads\/2025\/04\/Logo-pour-un-Institut-de-beaute.png","width":500,"height":500,"caption":"LR Health and Beauty By NFD"},"image":{"@id":"https:\/\/317957.peda.univ-lille.fr\/#\/schema\/logo\/image\/"}}]}},"_links":{"self":[{"href":"https:\/\/317957.peda.univ-lille.fr\/index.php?rest_route=\/wp\/v2\/product\/1512","targetHints":{"allow":["GET"]}}],"collection":[{"href":"https:\/\/317957.peda.univ-lille.fr\/index.php?rest_route=\/wp\/v2\/product"}],"about":[{"href":"https:\/\/317957.peda.univ-lille.fr\/index.php?rest_route=\/wp\/v2\/types\/product"}],"replies":[{"embeddable":true,"href":"https:\/\/317957.peda.univ-lille.fr\/index.php?rest_route=%2Fwp%2Fv2%2Fcomments&post=1512"}],"wp:featuredmedia":[{"embeddable":true,"href":"https:\/\/317957.peda.univ-lille.fr\/index.php?rest_route=\/wp\/v2\/media\/1505"}],"wp:attachment":[{"href":"https:\/\/317957.peda.univ-lille.fr\/index.php?rest_route=%2Fwp%2Fv2%2Fmedia&parent=1512"}],"wp:term":[{"taxonomy":"product_brand","embeddable":true,"href":"https:\/\/317957.peda.univ-lille.fr\/index.php?rest_route=%2Fwp%2Fv2%2Fproduct_brand&post=1512"},{"taxonomy":"product_cat","embeddable":true,"href":"https:\/\/317957.peda.univ-lille.fr\/index.php?rest_route=%2Fwp%2Fv2%2Fproduct_cat&post=1512"},{"taxonomy":"product_tag","embeddable":true,"href":"https:\/\/317957.peda.univ-lille.fr\/index.php?rest_route=%2Fwp%2Fv2%2Fproduct_tag&post=1512"}],"curies":[{"name":"wp","href":"https:\/\/api.w.org\/{rel}","templated":true}]}}