{"id":1514,"date":"2025-03-20T11:51:08","date_gmt":"2025-03-20T10:51:08","guid":{"rendered":"https:\/\/317957.peda.univ-lille.fr\/?post_type=product&#038;p=1514"},"modified":"2025-03-20T14:27:43","modified_gmt":"2025-03-20T13:27:43","slug":"spray-dinterieur","status":"publish","type":"product","link":"https:\/\/317957.peda.univ-lille.fr\/?product=spray-dinterieur","title":{"rendered":"Spray d\u2019int\u00e9rieur"},"content":{"rendered":"<p>Offrez \u00e0 votre int\u00e9rieur une ambiance fra\u00eeche et apaisante avec notre Spray d\u2019Int\u00e9rieur Naturel. Formul\u00e9 \u00e0 base d\u2019huiles essentielles, il purifie l\u2019air, \u00e9limine les mauvaises odeurs et cr\u00e9e une atmosph\u00e8re agr\u00e9able en quelques vaporisations.<br \/>\nPourquoi l\u2019adopter ?<\/p>\n<p>Purifie et rafra\u00eechit l\u2019air : Neutralise les odeurs de cuisine, tabac, animaux, etc.<br \/>\nAmbiance apaisante : Parfum d\u00e9licat pour une sensation de bien-\u00eatre imm\u00e9diate.<br \/>\nFormule naturelle : Sans produits chimiques nocifs, id\u00e9al pour toute la famille.<\/p>\n<p>Utilisation polyvalente : Convient pour la maison, la voiture, le bureau et m\u00eame les textiles.<\/p>\n<p>Ingr\u00e9dients Cl\u00e9s :<\/p>\n<p>Huiles essentielles naturelles (lavande, citron, eucalyptus<\/p>\n<p>Eau purifi\u00e9e pour une diffusion l\u00e9g\u00e8re et agr\u00e9able.<\/p>\n<p>Alcool v\u00e9g\u00e9tal pour une \u00e9vaporation rapide et efficace.<\/p>\n<p>\ud83c\udfe1 Conseils d\u2019Utilisation :<\/p>\n<p>Vaporisez dans l\u2019air ou sur les textiles \u00e0 une distance d\u2019environ 30 cm. Utilisez aussi souvent que n\u00e9cessaire pour une maison toujours fra\u00eeche et accueillante.<\/p>\n","protected":false},"excerpt":{"rendered":"<p>Purifie et rafra\u00eechit l\u2019air : Neutralise les odeurs de cuisine, tabac, animaux, etc.<br \/>\nAmbiance apaisante : Parfum d\u00e9licat pour une sensation de bien-\u00eatre imm\u00e9diate.<br \/>\nFormule naturelle : Sans produits chimiques nocifs, id\u00e9al pour toute la famille.<\/p>\n<p>Utilisation polyvalente : Convient pour la maison, la voiture, le bureau et m\u00eame les textiles.<\/p>\n<p>Ingr\u00e9dients Cl\u00e9s :<\/p>\n<p>Huiles essentielles naturelles (lavande, citron, eucalyptus<\/p>\n<p>Eau purifi\u00e9e pour une diffusion l\u00e9g\u00e8re et agr\u00e9able.<\/p>\n<p>Alcool v\u00e9g\u00e9tal pour une \u00e9vaporation rapide et efficace.<\/p>\n<p>\ud83c\udfe1 Conseils d\u2019Utilisation :<\/p>\n<p>Vaporisez dans l\u2019air ou sur les textiles \u00e0 une distance d\u2019environ 30 cm. Utilisez aussi souvent que n\u00e9cessaire pour une maison toujours fra\u00eeche et accueillante.<\/p>\n","protected":false},"featured_media":1511,"comment_status":"open","ping_status":"closed","template":"","meta":[],"product_brand":[],"product_cat":[40],"product_tag":[],"class_list":{"0":"post-1514","1":"product","2":"type-product","3":"status-publish","4":"has-post-thumbnail","6":"product_cat-bien-etre","8":"first","9":"instock","10":"shipping-taxable","11":"purchasable","12":"product-type-simple"},"yoast_head":"<!-- This site is optimized with the Yoast SEO plugin v24.7 - https:\/\/yoast.com\/wordpress\/plugins\/seo\/ -->\n<title>Spray d\u2019int\u00e9rieur - LR Health and Beauty By NFD<\/title>\n<meta name=\"description\" content=\"Offrez \u00e0 votre int\u00e9rieur une ambiance fra\u00eeche et apaisante avec notre Spray d\u2019Int\u00e9rieur Naturel. Formul\u00e9 \u00e0 base d\u2019huiles essentielles, il purifie l\u2019air, \u00e9limine les mauvaises odeurs et cr\u00e9e une atmosph\u00e8re agr\u00e9able en quelques vaporisations.Pourquoi l\u2019adopter ?Purifie et rafra\u00eechit l\u2019air : Neutralise les odeurs de cuisine, tabac, animaux, etc.Ambiance apaisante : Parfum d\u00e9licat pour une sensation de bien-\u00eatre imm\u00e9diate.Formule naturelle : Sans produits chimiques nocifs, id\u00e9al pour toute la famille. Ingr\u00e9dients Cl\u00e9s :Huiles essentielles naturelles (lavande, citron, eucalyptusEau purifi\u00e9e pour une diffusion l\u00e9g\u00e8re et agr\u00e9able.Alcool v\u00e9g\u00e9tal pour une \u00e9vaporation rapide et efficace.\ud83c\udfe1 Conseils d\u2019Utilisation :Vaporisez dans l\u2019air ou sur les textiles \u00e0 une distance d\u2019environ 30 cm. Utilisez aussi souvent que n\u00e9cessaire pour une maison toujours fra\u00eeche et accueillante.\" \/>\n<meta name=\"robots\" content=\"index, follow, max-snippet:-1, max-image-preview:large, max-video-preview:-1\" \/>\n<link rel=\"canonical\" href=\"https:\/\/317957.peda.univ-lille.fr\/?product=spray-dinterieur\" \/>\n<meta property=\"og:locale\" content=\"fr_FR\" \/>\n<meta property=\"og:type\" content=\"article\" \/>\n<meta property=\"og:title\" content=\"Spray d\u2019int\u00e9rieur - LR Health and Beauty By NFD\" \/>\n<meta property=\"og:description\" content=\"Offrez \u00e0 votre int\u00e9rieur une ambiance fra\u00eeche et apaisante avec notre Spray d\u2019Int\u00e9rieur Naturel. Formul\u00e9 \u00e0 base d\u2019huiles essentielles, il purifie l\u2019air, \u00e9limine les mauvaises odeurs et cr\u00e9e une atmosph\u00e8re agr\u00e9able en quelques vaporisations.Pourquoi l\u2019adopter ?Purifie et rafra\u00eechit l\u2019air : Neutralise les odeurs de cuisine, tabac, animaux, etc.Ambiance apaisante : Parfum d\u00e9licat pour une sensation de bien-\u00eatre imm\u00e9diate.Formule naturelle : Sans produits chimiques nocifs, id\u00e9al pour toute la famille. Ingr\u00e9dients Cl\u00e9s :Huiles essentielles naturelles (lavande, citron, eucalyptusEau purifi\u00e9e pour une diffusion l\u00e9g\u00e8re et agr\u00e9able.Alcool v\u00e9g\u00e9tal pour une \u00e9vaporation rapide et efficace.\ud83c\udfe1 Conseils d\u2019Utilisation :Vaporisez dans l\u2019air ou sur les textiles \u00e0 une distance d\u2019environ 30 cm. Utilisez aussi souvent que n\u00e9cessaire pour une maison toujours fra\u00eeche et accueillante.\" \/>\n<meta property=\"og:url\" content=\"https:\/\/317957.peda.univ-lille.fr\/?product=spray-dinterieur\" \/>\n<meta property=\"og:site_name\" content=\"LR Health and Beauty By NFD\" \/>\n<meta property=\"article:modified_time\" content=\"2025-03-20T13:27:43+00:00\" \/>\n<meta property=\"og:image\" content=\"https:\/\/317957.peda.univ-lille.fr\/wp-content\/uploads\/2025\/03\/Recettes-pour-Faire-soi-Meme-des-Desodorisants-Fait-Maison.png\" \/>\n\t<meta property=\"og:image:width\" content=\"600\" \/>\n\t<meta property=\"og:image:height\" content=\"400\" \/>\n\t<meta property=\"og:image:type\" content=\"image\/png\" \/>\n<meta name=\"twitter:card\" content=\"summary_large_image\" \/>\n<meta name=\"twitter:label1\" content=\"Dur\u00e9e de lecture estim\u00e9e\" \/>\n\t<meta name=\"twitter:data1\" content=\"1 minute\" \/>\n<script type=\"application\/ld+json\" class=\"yoast-schema-graph\">{\"@context\":\"https:\/\/schema.org\",\"@graph\":[{\"@type\":\"WebPage\",\"@id\":\"https:\/\/317957.peda.univ-lille.fr\/?product=spray-dinterieur\",\"url\":\"https:\/\/317957.peda.univ-lille.fr\/?product=spray-dinterieur\",\"name\":\"Spray d\u2019int\u00e9rieur - LR Health and Beauty By NFD\",\"isPartOf\":{\"@id\":\"https:\/\/317957.peda.univ-lille.fr\/#website\"},\"primaryImageOfPage\":{\"@id\":\"https:\/\/317957.peda.univ-lille.fr\/?product=spray-dinterieur#primaryimage\"},\"image\":{\"@id\":\"https:\/\/317957.peda.univ-lille.fr\/?product=spray-dinterieur#primaryimage\"},\"thumbnailUrl\":\"https:\/\/317957.peda.univ-lille.fr\/wp-content\/uploads\/2025\/03\/Recettes-pour-Faire-soi-Meme-des-Desodorisants-Fait-Maison.png\",\"datePublished\":\"2025-03-20T10:51:08+00:00\",\"dateModified\":\"2025-03-20T13:27:43+00:00\",\"description\":\"Offrez \u00e0 votre int\u00e9rieur une ambiance fra\u00eeche et apaisante avec notre Spray d\u2019Int\u00e9rieur Naturel. Formul\u00e9 \u00e0 base d\u2019huiles essentielles, il purifie l\u2019air, \u00e9limine les mauvaises odeurs et cr\u00e9e une atmosph\u00e8re agr\u00e9able en quelques vaporisations.Pourquoi l\u2019adopter ?Purifie et rafra\u00eechit l\u2019air : Neutralise les odeurs de cuisine, tabac, animaux, etc.Ambiance apaisante : Parfum d\u00e9licat pour une sensation de bien-\u00eatre imm\u00e9diate.Formule naturelle : Sans produits chimiques nocifs, id\u00e9al pour toute la famille. Ingr\u00e9dients Cl\u00e9s :Huiles essentielles naturelles (lavande, citron, eucalyptusEau purifi\u00e9e pour une diffusion l\u00e9g\u00e8re et agr\u00e9able.Alcool v\u00e9g\u00e9tal pour une \u00e9vaporation rapide et efficace.\ud83c\udfe1 Conseils d\u2019Utilisation :Vaporisez dans l\u2019air ou sur les textiles \u00e0 une distance d\u2019environ 30 cm. Utilisez aussi souvent que n\u00e9cessaire pour une maison toujours fra\u00eeche et accueillante.\",\"breadcrumb\":{\"@id\":\"https:\/\/317957.peda.univ-lille.fr\/?product=spray-dinterieur#breadcrumb\"},\"inLanguage\":\"fr-FR\",\"potentialAction\":[{\"@type\":\"ReadAction\",\"target\":[\"https:\/\/317957.peda.univ-lille.fr\/?product=spray-dinterieur\"]}]},{\"@type\":\"ImageObject\",\"inLanguage\":\"fr-FR\",\"@id\":\"https:\/\/317957.peda.univ-lille.fr\/?product=spray-dinterieur#primaryimage\",\"url\":\"https:\/\/317957.peda.univ-lille.fr\/wp-content\/uploads\/2025\/03\/Recettes-pour-Faire-soi-Meme-des-Desodorisants-Fait-Maison.png\",\"contentUrl\":\"https:\/\/317957.peda.univ-lille.fr\/wp-content\/uploads\/2025\/03\/Recettes-pour-Faire-soi-Meme-des-Desodorisants-Fait-Maison.png\",\"width\":600,\"height\":400},{\"@type\":\"BreadcrumbList\",\"@id\":\"https:\/\/317957.peda.univ-lille.fr\/?product=spray-dinterieur#breadcrumb\",\"itemListElement\":[{\"@type\":\"ListItem\",\"position\":1,\"name\":\"Accueil\",\"item\":\"https:\/\/317957.peda.univ-lille.fr\/\"},{\"@type\":\"ListItem\",\"position\":2,\"name\":\"Boutique\",\"item\":\"https:\/\/317957.peda.univ-lille.fr\/?page_id=1484\"},{\"@type\":\"ListItem\",\"position\":3,\"name\":\"Spray d\u2019int\u00e9rieur\"}]},{\"@type\":\"WebSite\",\"@id\":\"https:\/\/317957.peda.univ-lille.fr\/#website\",\"url\":\"https:\/\/317957.peda.univ-lille.fr\/\",\"name\":\"LR Health and Beauty By NFD\",\"description\":\"Votre bien-\u00eatre en temps r\u00e9el\",\"publisher\":{\"@id\":\"https:\/\/317957.peda.univ-lille.fr\/#organization\"},\"potentialAction\":[{\"@type\":\"SearchAction\",\"target\":{\"@type\":\"EntryPoint\",\"urlTemplate\":\"https:\/\/317957.peda.univ-lille.fr\/?s={search_term_string}\"},\"query-input\":{\"@type\":\"PropertyValueSpecification\",\"valueRequired\":true,\"valueName\":\"search_term_string\"}}],\"inLanguage\":\"fr-FR\"},{\"@type\":\"Organization\",\"@id\":\"https:\/\/317957.peda.univ-lille.fr\/#organization\",\"name\":\"LR Health and Beauty By NFD\",\"url\":\"https:\/\/317957.peda.univ-lille.fr\/\",\"logo\":{\"@type\":\"ImageObject\",\"inLanguage\":\"fr-FR\",\"@id\":\"https:\/\/317957.peda.univ-lille.fr\/#\/schema\/logo\/image\/\",\"url\":\"https:\/\/317957.peda.univ-lille.fr\/wp-content\/uploads\/2025\/04\/Logo-pour-un-Institut-de-beaute.png\",\"contentUrl\":\"https:\/\/317957.peda.univ-lille.fr\/wp-content\/uploads\/2025\/04\/Logo-pour-un-Institut-de-beaute.png\",\"width\":500,\"height\":500,\"caption\":\"LR Health and Beauty By NFD\"},\"image\":{\"@id\":\"https:\/\/317957.peda.univ-lille.fr\/#\/schema\/logo\/image\/\"}}]}<\/script>\n<!-- \/ Yoast SEO plugin. -->","yoast_head_json":{"title":"Spray d\u2019int\u00e9rieur - LR Health and Beauty By NFD","description":"Offrez \u00e0 votre int\u00e9rieur une ambiance fra\u00eeche et apaisante avec notre Spray d\u2019Int\u00e9rieur Naturel. Formul\u00e9 \u00e0 base d\u2019huiles essentielles, il purifie l\u2019air, \u00e9limine les mauvaises odeurs et cr\u00e9e une atmosph\u00e8re agr\u00e9able en quelques vaporisations.Pourquoi l\u2019adopter ?Purifie et rafra\u00eechit l\u2019air : Neutralise les odeurs de cuisine, tabac, animaux, etc.Ambiance apaisante : Parfum d\u00e9licat pour une sensation de bien-\u00eatre imm\u00e9diate.Formule naturelle : Sans produits chimiques nocifs, id\u00e9al pour toute la famille. Ingr\u00e9dients Cl\u00e9s :Huiles essentielles naturelles (lavande, citron, eucalyptusEau purifi\u00e9e pour une diffusion l\u00e9g\u00e8re et agr\u00e9able.Alcool v\u00e9g\u00e9tal pour une \u00e9vaporation rapide et efficace.\ud83c\udfe1 Conseils d\u2019Utilisation :Vaporisez dans l\u2019air ou sur les textiles \u00e0 une distance d\u2019environ 30 cm. Utilisez aussi souvent que n\u00e9cessaire pour une maison toujours fra\u00eeche et accueillante.","robots":{"index":"index","follow":"follow","max-snippet":"max-snippet:-1","max-image-preview":"max-image-preview:large","max-video-preview":"max-video-preview:-1"},"canonical":"https:\/\/317957.peda.univ-lille.fr\/?product=spray-dinterieur","og_locale":"fr_FR","og_type":"article","og_title":"Spray d\u2019int\u00e9rieur - LR Health and Beauty By NFD","og_description":"Offrez \u00e0 votre int\u00e9rieur une ambiance fra\u00eeche et apaisante avec notre Spray d\u2019Int\u00e9rieur Naturel. Formul\u00e9 \u00e0 base d\u2019huiles essentielles, il purifie l\u2019air, \u00e9limine les mauvaises odeurs et cr\u00e9e une atmosph\u00e8re agr\u00e9able en quelques vaporisations.Pourquoi l\u2019adopter ?Purifie et rafra\u00eechit l\u2019air : Neutralise les odeurs de cuisine, tabac, animaux, etc.Ambiance apaisante : Parfum d\u00e9licat pour une sensation de bien-\u00eatre imm\u00e9diate.Formule naturelle : Sans produits chimiques nocifs, id\u00e9al pour toute la famille. Ingr\u00e9dients Cl\u00e9s :Huiles essentielles naturelles (lavande, citron, eucalyptusEau purifi\u00e9e pour une diffusion l\u00e9g\u00e8re et agr\u00e9able.Alcool v\u00e9g\u00e9tal pour une \u00e9vaporation rapide et efficace.\ud83c\udfe1 Conseils d\u2019Utilisation :Vaporisez dans l\u2019air ou sur les textiles \u00e0 une distance d\u2019environ 30 cm. Utilisez aussi souvent que n\u00e9cessaire pour une maison toujours fra\u00eeche et accueillante.","og_url":"https:\/\/317957.peda.univ-lille.fr\/?product=spray-dinterieur","og_site_name":"LR Health and Beauty By NFD","article_modified_time":"2025-03-20T13:27:43+00:00","og_image":[{"width":600,"height":400,"url":"https:\/\/317957.peda.univ-lille.fr\/wp-content\/uploads\/2025\/03\/Recettes-pour-Faire-soi-Meme-des-Desodorisants-Fait-Maison.png","type":"image\/png"}],"twitter_card":"summary_large_image","twitter_misc":{"Dur\u00e9e de lecture estim\u00e9e":"1 minute"},"schema":{"@context":"https:\/\/schema.org","@graph":[{"@type":"WebPage","@id":"https:\/\/317957.peda.univ-lille.fr\/?product=spray-dinterieur","url":"https:\/\/317957.peda.univ-lille.fr\/?product=spray-dinterieur","name":"Spray d\u2019int\u00e9rieur - LR Health and Beauty By NFD","isPartOf":{"@id":"https:\/\/317957.peda.univ-lille.fr\/#website"},"primaryImageOfPage":{"@id":"https:\/\/317957.peda.univ-lille.fr\/?product=spray-dinterieur#primaryimage"},"image":{"@id":"https:\/\/317957.peda.univ-lille.fr\/?product=spray-dinterieur#primaryimage"},"thumbnailUrl":"https:\/\/317957.peda.univ-lille.fr\/wp-content\/uploads\/2025\/03\/Recettes-pour-Faire-soi-Meme-des-Desodorisants-Fait-Maison.png","datePublished":"2025-03-20T10:51:08+00:00","dateModified":"2025-03-20T13:27:43+00:00","description":"Offrez \u00e0 votre int\u00e9rieur une ambiance fra\u00eeche et apaisante avec notre Spray d\u2019Int\u00e9rieur Naturel. Formul\u00e9 \u00e0 base d\u2019huiles essentielles, il purifie l\u2019air, \u00e9limine les mauvaises odeurs et cr\u00e9e une atmosph\u00e8re agr\u00e9able en quelques vaporisations.Pourquoi l\u2019adopter ?Purifie et rafra\u00eechit l\u2019air : Neutralise les odeurs de cuisine, tabac, animaux, etc.Ambiance apaisante : Parfum d\u00e9licat pour une sensation de bien-\u00eatre imm\u00e9diate.Formule naturelle : Sans produits chimiques nocifs, id\u00e9al pour toute la famille. Ingr\u00e9dients Cl\u00e9s :Huiles essentielles naturelles (lavande, citron, eucalyptusEau purifi\u00e9e pour une diffusion l\u00e9g\u00e8re et agr\u00e9able.Alcool v\u00e9g\u00e9tal pour une \u00e9vaporation rapide et efficace.\ud83c\udfe1 Conseils d\u2019Utilisation :Vaporisez dans l\u2019air ou sur les textiles \u00e0 une distance d\u2019environ 30 cm. Utilisez aussi souvent que n\u00e9cessaire pour une maison toujours fra\u00eeche et accueillante.","breadcrumb":{"@id":"https:\/\/317957.peda.univ-lille.fr\/?product=spray-dinterieur#breadcrumb"},"inLanguage":"fr-FR","potentialAction":[{"@type":"ReadAction","target":["https:\/\/317957.peda.univ-lille.fr\/?product=spray-dinterieur"]}]},{"@type":"ImageObject","inLanguage":"fr-FR","@id":"https:\/\/317957.peda.univ-lille.fr\/?product=spray-dinterieur#primaryimage","url":"https:\/\/317957.peda.univ-lille.fr\/wp-content\/uploads\/2025\/03\/Recettes-pour-Faire-soi-Meme-des-Desodorisants-Fait-Maison.png","contentUrl":"https:\/\/317957.peda.univ-lille.fr\/wp-content\/uploads\/2025\/03\/Recettes-pour-Faire-soi-Meme-des-Desodorisants-Fait-Maison.png","width":600,"height":400},{"@type":"BreadcrumbList","@id":"https:\/\/317957.peda.univ-lille.fr\/?product=spray-dinterieur#breadcrumb","itemListElement":[{"@type":"ListItem","position":1,"name":"Accueil","item":"https:\/\/317957.peda.univ-lille.fr\/"},{"@type":"ListItem","position":2,"name":"Boutique","item":"https:\/\/317957.peda.univ-lille.fr\/?page_id=1484"},{"@type":"ListItem","position":3,"name":"Spray d\u2019int\u00e9rieur"}]},{"@type":"WebSite","@id":"https:\/\/317957.peda.univ-lille.fr\/#website","url":"https:\/\/317957.peda.univ-lille.fr\/","name":"LR Health and Beauty By NFD","description":"Votre bien-\u00eatre en temps r\u00e9el","publisher":{"@id":"https:\/\/317957.peda.univ-lille.fr\/#organization"},"potentialAction":[{"@type":"SearchAction","target":{"@type":"EntryPoint","urlTemplate":"https:\/\/317957.peda.univ-lille.fr\/?s={search_term_string}"},"query-input":{"@type":"PropertyValueSpecification","valueRequired":true,"valueName":"search_term_string"}}],"inLanguage":"fr-FR"},{"@type":"Organization","@id":"https:\/\/317957.peda.univ-lille.fr\/#organization","name":"LR Health and Beauty By NFD","url":"https:\/\/317957.peda.univ-lille.fr\/","logo":{"@type":"ImageObject","inLanguage":"fr-FR","@id":"https:\/\/317957.peda.univ-lille.fr\/#\/schema\/logo\/image\/","url":"https:\/\/317957.peda.univ-lille.fr\/wp-content\/uploads\/2025\/04\/Logo-pour-un-Institut-de-beaute.png","contentUrl":"https:\/\/317957.peda.univ-lille.fr\/wp-content\/uploads\/2025\/04\/Logo-pour-un-Institut-de-beaute.png","width":500,"height":500,"caption":"LR Health and Beauty By NFD"},"image":{"@id":"https:\/\/317957.peda.univ-lille.fr\/#\/schema\/logo\/image\/"}}]}},"_links":{"self":[{"href":"https:\/\/317957.peda.univ-lille.fr\/index.php?rest_route=\/wp\/v2\/product\/1514","targetHints":{"allow":["GET"]}}],"collection":[{"href":"https:\/\/317957.peda.univ-lille.fr\/index.php?rest_route=\/wp\/v2\/product"}],"about":[{"href":"https:\/\/317957.peda.univ-lille.fr\/index.php?rest_route=\/wp\/v2\/types\/product"}],"replies":[{"embeddable":true,"href":"https:\/\/317957.peda.univ-lille.fr\/index.php?rest_route=%2Fwp%2Fv2%2Fcomments&post=1514"}],"wp:featuredmedia":[{"embeddable":true,"href":"https:\/\/317957.peda.univ-lille.fr\/index.php?rest_route=\/wp\/v2\/media\/1511"}],"wp:attachment":[{"href":"https:\/\/317957.peda.univ-lille.fr\/index.php?rest_route=%2Fwp%2Fv2%2Fmedia&parent=1514"}],"wp:term":[{"taxonomy":"product_brand","embeddable":true,"href":"https:\/\/317957.peda.univ-lille.fr\/index.php?rest_route=%2Fwp%2Fv2%2Fproduct_brand&post=1514"},{"taxonomy":"product_cat","embeddable":true,"href":"https:\/\/317957.peda.univ-lille.fr\/index.php?rest_route=%2Fwp%2Fv2%2Fproduct_cat&post=1514"},{"taxonomy":"product_tag","embeddable":true,"href":"https:\/\/317957.peda.univ-lille.fr\/index.php?rest_route=%2Fwp%2Fv2%2Fproduct_tag&post=1514"}],"curies":[{"name":"wp","href":"https:\/\/api.w.org\/{rel}","templated":true}]}}